{"id":10809,"date":"2022-12-14T14:38:34","date_gmt":"2022-12-14T14:38:34","guid":{"rendered":"https:\/\/www.hotelpraktikbakery.com\/aviso-legal\/"},"modified":"2023-03-01T10:21:58","modified_gmt":"2023-03-01T10:21:58","slug":"avis-legal","status":"publish","type":"page","link":"https:\/\/www.hotelpraktikbakery.com\/ca\/avis-legal\/","title":{"rendered":"Av\u00eds legal"},"content":{"rendered":"<p>En cumplimiento de la Ley 34\/2002 de Servicios de la Sociedad de la Informaci\u00f3n y de Comercio Electr\u00f3nico de Espa\u00f1a, le informamos que esta p\u00e1gina Web es propiedad de BUDGET HOTELS, S.L., en adelante PRAKTIK HOTELS, con domicilio en C\/ Pedro i Pons, 9-11, 4-1 Barcelona, con C.I.F. B63965974 e inscrita en el Registro Mercantil de Barcelona con los siguientes datos: Tomo 38220, Libro -, Folio 0091, Secc. GENERAL, Hoja 323414, Inscripci\u00f3n 1. Para cualquier consulta o propuesta, cont\u00e1ctenos en el email hello@praktikhotels.com, o en el tel\u00e9fono 933632760.<\/p>\n<p>Esta p\u00e1gina Web se rige por la normativa exclusivamente aplicable en Espa\u00f1a, quedando sometida a ella, tanto nacionales como extranjeros que utilicen esta Web.<\/p>\n<p>El acceso a nuestra p\u00e1gina Web por parte del USUARIO es gratuito y est\u00e1 condicionado a la previa lectura y aceptaci\u00f3n integra, expresa y sin reservas de las presentes CONDICIONES GENERALES DE USO vigentes en el momento del acceso, que rogamos lea detenidamente. El USUARIO en el momento que utiliza nuestro portal, sus contenidos o servicios, acepta y se somete expresamente a las condiciones generales de uso del mismo.<\/p>\n<p>Si el usuario no estuviere de acuerdo con las presentes condiciones de uso, deber\u00e1 abstenerse de utilizar este portal y operar por medio del mismo. En cualquier momento podremos modificar la presentaci\u00f3n y configuraci\u00f3n de nuestra Web, ampliar o reducir servicios, e incluso suprimirla de la Red, as\u00ed como los servicios y contenidos prestados, todo ello de forma unilateral y sin previo aviso.<\/p>\n<h5>A. PROPIEDAD INTELECTUAL<\/h5>\n<p>Todos los contenidos, textos, im\u00e1genes, y c\u00f3digos fuente son propiedad de PRAKTIK HOTELS o de terceros a los que se han adquirido sus derechos de explotaci\u00f3n, y est\u00e1n protegidos por los derechos de Propiedad Intelectual e Industrial.<\/p>\n<p>El usuario \u00fanicamente tiene derecho a un uso privado de los mismos, sin \u00e1nimo de lucro, y necesita autorizaci\u00f3n expresa de PRAKTIK HOTELS y\/o el titular de los derechos para modificarlos, reproducirlos, explotarlos, distribuirlos o cualquier derecho perteneciente a su titular. El establecimiento de enlaces a nuestro portal no confiere ning\u00fan derecho sobre el mismo, y se autoriza exclusivamente a permitir el acceso a nuestra web, quedando prohibida en otras p\u00e1ginas la reproducci\u00f3n total o parcial de las im\u00e1genes y contenidos de nuestro portal. Asimismo, el simple hecho de establecer un enlace a nuestra p\u00e1gina web no da derecho a otorgarse la categor\u00eda de colaborador o socio de PRAKTIK HOTELS Est\u00e1 absolutamente prohibida la imitaci\u00f3n ya sea total o parcial de nuestro portal.<\/p>\n<h5>B. CONDICIONES DE ACCESO<\/h5>\n<p>El acceso a nuestra p\u00e1gina Web es gratuito y no exige previa suscripci\u00f3n o registro. No obstante, PRAKTIK HOTELS se reserva el derecho de ofrecer servicios que requieran el registro previo del usuario. En todo caso, estos servicios quedar\u00e1n debidamente identificados en la Web, con f\u00e1ciles indicaciones para su registro. El usuario debe acceder a nuestra p\u00e1gina Web conforme a la buena fe, las normas de orden p\u00fablico, a las presentes Condiciones Generales de uso. El acceso a nuestro sitio Web se realiza bajo la propia y exclusiva responsabilidad del usuario, que responder\u00e1 en todo caso de los da\u00f1os y perjuicios que pueda causar a terceros o a nosotros mismos.<\/p>\n<p>El usuario tiene expresamente prohibido la utilizaci\u00f3n y obtenci\u00f3n de los servicios y contenidos ofrecidos en la presente p\u00e1gina web, por procedimientos distintos a los estipulados en las presentes condiciones de uso, y en su caso en las condiciones particulares que regulen la adquisici\u00f3n de determinados servicios. Teniendo en cuenta la imposibilidad de control respecto a la informaci\u00f3n, contenidos y servicios que contengan otras websites a los que se pueda acceder a trav\u00e9s de los enlaces que nuestra p\u00e1gina web pone a su disposici\u00f3n, le comunicamos que PRAKTIK HOTELS, queda eximida de cualquier responsabilidad por los da\u00f1os y perjuicios de toda clase que pudiesen derivar por la utilizaci\u00f3n de esas p\u00e1ginas web ajenas a nuestra empresa por parte del usuario. PRAKTIK HOTELS se reserva el derecho de ejercitar las acciones legales oportunas contra aquellos USUARIOS que vulneren las presentes condiciones generales de uso, aceptando el USUARIO que la no iniciaci\u00f3n de estas acciones no constituye una renuncia formal a los mismas, permaneciendo \u00e9stas vigentes hasta los plazos de prescripci\u00f3n de las infracciones.<\/p>\n<h5>C. PROTECCI\u00d3N DE DATOS PERSONALES<\/h5>\n<p>La confidencialidad, el secreto profesional y la seguridad son valores primordiales de PRAKTIK HOTELS, que asume el compromiso de garantizar la privacidad del usuario o visitante en todo momento, y en todas las interacciones con aquel PRAKTIK HOTELS asume tambi\u00e9n el compromiso de no recabar informaci\u00f3n innecesaria sobre el Usuario. Asimismo, nos comprometemos a tratar con extrema diligencia la informaci\u00f3n personal que el Usuario pueda facilitar a trav\u00e9s de nuestra web.<\/p>\n<p>De conformidad con la Ley Org\u00e1nica 15\/1999 de Protecci\u00f3n de Datos de Car\u00e1cter Personal (LOPD), y Real Decreto 1720\/2007 de desarrollo de la LOPD, le informamos que la utilizaci\u00f3n de determinados servicios en nuestra p\u00e1gina web requiere que nos facilite determinados datos personales a trav\u00e9s de formularios de registro o mediante el env\u00edo de mensajes de correo electr\u00f3nico, y que \u00e9stos ser\u00e1n objeto de tratamiento e incorporados a los ficheros de PRAKTIK HOTELS, titular y responsable del mismo. El env\u00edo referido de los datos personales constituye el consentimiento expreso al tratamiento de los mismos, si bien de car\u00e1cter revocable y sin efectos retroactivos. Asimismo le informamos que para salvaguardar la seguridad de sus datos personales se aplicar\u00e1n las medidas de seguridad t\u00e9cnicas y organizativas exigidas en el Real Decreto 1720\/2007 que regula el reglamento de medidas de seguridad de los ficheros que contengan datos de car\u00e1cter personal.<\/p>\n<h5>Uso de sus datos personales.<\/h5>\n<p>Los datos que le solicitamos son los adecuados, pertinentes y estrictamente necesarios para la finalidad por la que se recogen, y en ning\u00fan caso est\u00e1 obligado a facilit\u00e1rnoslos. Asimismo, nos certifica que todos los datos que nos facilita son ciertos, veraces y pertinentes para la finalidad por la que se los solicitamos. Nuestra p\u00e1gina Web, recoge sus datos personales mediante la recepci\u00f3n de diversos formularios y a trav\u00e9s del correo electr\u00f3nico d\u00f3nde puede solicitarnos cualquier tipo de informaci\u00f3n, aclaraci\u00f3n o duda. El env\u00edo de los mismos implica su autorizaci\u00f3n a incorporarlos a nuestros ficheros correspondientes, si PRAKTIK HOTELS lo considera conveniente, y \u00e9stos estar\u00e1n regulados por las presentes pol\u00edticas de privacidad. Sus datos ser\u00e1n incorporados a nuestros ficheros de tratamiento de datos. Asimismo, para poder participar en los concursos y promociones presentados en esta web, los menores de 14 a\u00f1os deben obtener previamente permiso de sus padres, tutores o representantes legales. Para ello deber\u00e1n adjuntar el nombre completo, e-mail y D.N.I, de los mismos, a los efectos de que podamos solicitar su autorizaci\u00f3n para el tratamiento de datos necesario para gestionar la participaci\u00f3n en el concurso. La plena responsabilidad en la determinaci\u00f3n de los concretos contenidos y servicios a los que acceden los menores de edad corresponde a los mayores a cuyo cargo se encuentran. La EMPRESA, se reserva el derecho de decidir la incorporaci\u00f3n o no de sus datos personales a sus ficheros.<\/p>\n<h5>Recepci\u00f3n de Curr\u00edculums Vitae.<\/h5>\n<p>En el caso de enviarnos su curr\u00edculum vitae, en virtud de la Ley de Protecci\u00f3n de Datos Personales, le informamos que sus datos personales se incorporar\u00e1n a nuestros ficheros, con la finalidad de disponer de su curr\u00edculum para llevar a cabo procesos de selecci\u00f3n de personal si su perfil profesional se ajusta a nuestras necesidades. Mientras no cancele expresamente sus datos personales de nuestros ficheros, entendemos que contin\u00faa interesado en formar parte de los mismos para procesos de selecci\u00f3n futuros. Con la finalidad de mantener actualizados nuestros ficheros de datos personales, rogamos nos comunique cualquier cambio o modificaci\u00f3n que se produzca en los mismos.<\/p>\n<h5>Derechos de acceso, rectificaci\u00f3n, cancelaci\u00f3n y oposici\u00f3n de sus datos personales.<\/h5>\n<p>En cualquier momento podr\u00e1 ejercer sus derechos de acceso, rectificaci\u00f3n, cancelaci\u00f3n y oposici\u00f3n previstos en la ley mediante escrito firmado dirigido a la PRAKTIK HOTELS en la direcci\u00f3n C\/ Pedro i Pons, 9-11, 4-1 Barcelona o mediante correo electr\u00f3nico a la direcci\u00f3n hello@praktikhotels.com.<\/p>\n<h5>Comunicaciones de datos.<\/h5>\n<p>PRAKTIK HOTELS le informa que sus datos son tratados confidencialmente y son utilizados exclusivamente de manera interna y para las finalidades indicadas. Por lo tanto, no cedemos ni comunicamos a ning\u00fan tercero tus datos, excepto en los casos legalmente previstos, o que el USUARIO nos lo autorice expresamente.<\/p>\n<h5>Seguridad de sus datos personales.<\/h5>\n<p>Con el objetivo de salvaguardar la seguridad de sus datos personales, le informamos que PRAKTIK HOTELS ha adoptado todas las medidas de \u00edndole t\u00e9cnica y organizativa necesarias para garantizar la seguridad de los datos personales suministrados de su alteraci\u00f3n, p\u00e9rdida, y tratamientos o accesos no autorizados, tal como exige el Real Decreto 1720\/2007 regula el reglamento de medidas de seguridad de los ficheros que contengan datos de car\u00e1cter personal.<\/p>\n<h5>Actualizaci\u00f3n de sus datos.<\/h5>\n<p>Es importante que para que podamos mantener sus datos personales actualizados, nos informe siempre que haya habido alguna modificaci\u00f3n en ellos, en caso contrario, no respondemos de la veracidad de los mismos. Consideramos que si no cancela sus datos personales expresamente de nuestros ficheros, contin\u00faa interesado en seguir incorporado a los mismos hasta que PRAKTIK HOTELS lo considere oportuno y mientras sea adecuado a la finalidad por la que se obtuvieron.<\/p>\n<p>PRAKTIK HOTELS, no se hace responsable de la pol\u00edtica de privacidad respecto a los datos personales que pueda facilitar a terceros por medio de los enlaces disponibles en nuestra p\u00e1gina web.<\/p>\n<p>PRAKTIK HOTELS puede modificar las presentes pol\u00edticas de privacidad para adaptarlas a las modificaciones que se produzca en nuestra web, as\u00ed como modificaciones legislativas o jurisprudenciales sobre datos personales que vayan apareciendo, por lo que exige su lectura, cada vez que nos facilite sus datos a trav\u00e9s de esta Web. Para cualquier cuesti\u00f3n respecto a la Pol\u00edtica de Protecci\u00f3n de Datos Personales puede ponerse en contacto con nosotros en los datos arriba indicados.<\/p>\n<h5>D. RESPONSABILIDADES<\/h5>\n<p>Al poner a disposici\u00f3n del usuario esta p\u00e1gina Web queremos ofrecerle toda una serie de contenidos y servicios de calidad, utilizando la m\u00e1xima diligencia en la prestaci\u00f3n de los mismos as\u00ed como en los medios tecnol\u00f3gicos utilizados. No obstante, no responderemos de la presencia de virus y otros elementos que de alg\u00fan modo puedan da\u00f1ar el sistema inform\u00e1tico del usuario.<\/p>\n<p>El USUARIO tiene prohibido cualquier tipo de acci\u00f3n sobre nuestro portal que origine una excesiva sobrecarga de funcionamiento a nuestros sistemas inform\u00e1ticos, as\u00ed como la introducci\u00f3n de virus, o instalaci\u00f3n de robots, o software que altere el normal funcionamiento de nuestra web, o en definitiva pueda causar da\u00f1os a nuestros sistemas inform\u00e1ticos. El usuario asume toda la responsabilidad derivada del uso de nuestra p\u00e1gina web, siendo el \u00fanico responsable de todo efecto directo o indirecto que sobre la p\u00e1gina web se derive, incluyendo, de forma enunciativa y no limitativa, todo resultado econ\u00f3mico, t\u00e9cnico y\/o jur\u00eddico adverso, as\u00ed como la defraudaci\u00f3n de las expectativas generadas por nuestro portal, oblig\u00e1ndose el usuario a mantener indemne a PRAKTIK HOTELS por cualesquiera reclamaciones derivadas, directa o indirectamente de tales hechos.<\/p>\n<p>PRAKTIK HOTELS queda exonerado de responsabilidad por cualquier reclamaci\u00f3n respecto a los derechos de propiedad intelectual de los art\u00edculos e im\u00e1genes publicadas en su portal, as\u00ed como, no garantiza la exactitud, veracidad y vigencia de los contenidos de esta p\u00e1gina web, ya sean propios, de terceros, o enlazables a otras websites, quedando totalmente exonerada de cualquier responsabilidad derivada del uso de los mismos. PRAKTIK HOTELS queda exonerada de cualquier responsabilidad derivada de cualquier reclamaci\u00f3n, incluido el pago de honorarios a abogados, por las demandas y reclamaciones originadas por terceros por el incumplimiento por parte del USUARIO de nuestras condiciones de uso, acceso y pol\u00edtica de privacidad, o cualesquiera otra reclamaci\u00f3n por el incumplimiento de la legislaci\u00f3n vigente. El USUARIO reconoce que ha entendido toda la informaci\u00f3n respecto a las condiciones de uso de nuestro portal, y reconoce que son suficientes para la exclusi\u00f3n del error en las mismas, y por lo tanto, las acepta integra y expresamente. El USUARIO es plenamente consciente de que la mera navegaci\u00f3n por la presente p\u00e1gina web, as\u00ed como la utilizaci\u00f3n de sus servicios, implica la aceptaci\u00f3n de las presentes condiciones de uso.<\/p>\n<p>Todo lo referente a nuestra p\u00e1gina web, se rige exclusivamente por las leyes espa\u00f1olas. En el caso de que se produzca cualquier tipo de discrepancia o diferencia entre las partes en relaci\u00f3n con la interpretaci\u00f3n y contenido de la presente p\u00e1gina web, todas las partes se someten, con renuncia expresa a cualquier otro fuero, a los Juzgados y Tribunales de la provincia de la ciudad donde se encuentra la sede central, arriba indicada. Para cualquier cuesti\u00f3n respecto a las Condiciones de Uso de nuestra p\u00e1gina web puede ponerse en contacto con nosotros en los datos arriba indicados.<\/p>\n","protected":false},"excerpt":{"rendered":"<p>En cumplimiento de la Ley 34\/2002 de Servicios de la Sociedad de la Informaci\u00f3n y de Comercio Electr\u00f3nico de Espa\u00f1a, le informamos que esta p\u00e1gina Web es propiedad de BUDGET HOTELS, S.L., en adelante PRAKTIK HOTELS, con domicilio en C\/ Pedro i Pons, 9-11, 4-1 Barcelona, con C.I.F. B63965974 e inscrita en el Registro Mercantil [&hellip;]<\/p>\n","protected":false},"author":1,"featured_media":0,"parent":0,"menu_order":0,"comment_status":"closed","ping_status":"closed","template":"","meta":{"inline_featured_image":false,"footnotes":""},"class_list":["post-10809","page","type-page","status-publish","hentry","post-wrapper","thrv_wrapper"],"yoast_head":"<!-- This site is optimized with the Yoast SEO plugin v23.2 - https:\/\/yoast.com\/wordpress\/plugins\/seo\/ -->\n<title>Av\u00eds legal - Hotel Praktik Bakery<\/title>\n<meta name=\"description\" content=\"Praktik Bakery posa a la teva disposici\u00f3 un av\u00eds legal que et permetr\u00e0 consultar la normativa d&#039;aquesta web.\" \/>\n<meta name=\"robots\" content=\"index, follow, max-snippet:-1, max-image-preview:large, max-video-preview:-1\" \/>\n<link rel=\"canonical\" href=\"https:\/\/www.hotelpraktikbakery.com\/ca\/avis-legal\/\" \/>\n<meta property=\"og:locale\" content=\"ca_ES\" \/>\n<meta property=\"og:type\" content=\"article\" \/>\n<meta property=\"og:title\" content=\"Av\u00eds legal - Hotel Praktik Bakery\" \/>\n<meta property=\"og:description\" content=\"Praktik Bakery posa a la teva disposici\u00f3 un av\u00eds legal que et permetr\u00e0 consultar la normativa d&#039;aquesta web.\" \/>\n<meta property=\"og:url\" content=\"https:\/\/www.hotelpraktikbakery.com\/ca\/avis-legal\/\" \/>\n<meta property=\"og:site_name\" content=\"Hotel Praktik Bakery\" \/>\n<meta property=\"article:publisher\" content=\"https:\/\/www.facebook.com\/praktikhotels\/\" \/>\n<meta property=\"article:modified_time\" content=\"2023-03-01T10:21:58+00:00\" \/>\n<meta name=\"twitter:card\" content=\"summary_large_image\" \/>\n<meta name=\"twitter:title\" content=\"Av\u00eds legal - Hotel Praktik Bakery\" \/>\n<meta name=\"twitter:description\" content=\"Praktik Bakery posa a la teva disposici\u00f3 un av\u00eds legal que et permetr\u00e0 consultar la normativa d&#039;aquesta web.\" \/>\n<meta name=\"twitter:site\" content=\"@praktikhotels\" \/>\n<meta name=\"twitter:label1\" content=\"Temps estimat de lectura\" \/>\n\t<meta name=\"twitter:data1\" content=\"10 minuts\" \/>\n<script type=\"application\/ld+json\" class=\"yoast-schema-graph\">{\"@context\":\"https:\/\/schema.org\",\"@graph\":[{\"@type\":\"WebPage\",\"@id\":\"https:\/\/www.hotelpraktikbakery.com\/ca\/avis-legal\/\",\"url\":\"https:\/\/www.hotelpraktikbakery.com\/ca\/avis-legal\/\",\"name\":\"Av\u00eds legal - Hotel Praktik Bakery\",\"isPartOf\":{\"@id\":\"\/#website\"},\"datePublished\":\"2022-12-14T14:38:34+00:00\",\"dateModified\":\"2023-03-01T10:21:58+00:00\",\"description\":\"Praktik Bakery posa a la teva disposici\u00f3 un av\u00eds legal que et permetr\u00e0 consultar la normativa d'aquesta web.\",\"breadcrumb\":{\"@id\":\"https:\/\/www.hotelpraktikbakery.com\/ca\/avis-legal\/#breadcrumb\"},\"inLanguage\":\"ca\",\"potentialAction\":[{\"@type\":\"ReadAction\",\"target\":[\"https:\/\/www.hotelpraktikbakery.com\/ca\/avis-legal\/\"]}]},{\"@type\":\"BreadcrumbList\",\"@id\":\"https:\/\/www.hotelpraktikbakery.com\/ca\/avis-legal\/#breadcrumb\",\"itemListElement\":[{\"@type\":\"ListItem\",\"position\":1,\"name\":\"Portada\",\"item\":\"https:\/\/www.hotelpraktikbakery.com\/ca\/\"},{\"@type\":\"ListItem\",\"position\":2,\"name\":\"Av\u00eds legal\"}]},{\"@type\":\"WebSite\",\"@id\":\"\/#website\",\"url\":\"\/\",\"name\":\"Hotel Praktik Bakery\",\"description\":\"Primer hotel-panader\u00eda del mundo\",\"publisher\":{\"@id\":\"\/#organization\"},\"potentialAction\":[{\"@type\":\"SearchAction\",\"target\":{\"@type\":\"EntryPoint\",\"urlTemplate\":\"\/?s={search_term_string}\"},\"query-input\":\"required name=search_term_string\"}],\"inLanguage\":\"ca\"},{\"@type\":\"Organization\",\"@id\":\"\/#organization\",\"name\":\"Hotel Praktik Bakery\",\"url\":\"\/\",\"logo\":{\"@type\":\"ImageObject\",\"inLanguage\":\"ca\",\"@id\":\"\/#\/schema\/logo\/image\/\",\"url\":\"https:\/\/www.hotelpraktikbakery.com\/wp-content\/uploads\/sites\/18\/PraktikBakery-logo.png\",\"contentUrl\":\"https:\/\/www.hotelpraktikbakery.com\/wp-content\/uploads\/sites\/18\/PraktikBakery-logo.png\",\"width\":360,\"height\":34,\"caption\":\"Hotel Praktik Bakery\"},\"image\":{\"@id\":\"\/#\/schema\/logo\/image\/\"},\"sameAs\":[\"https:\/\/www.facebook.com\/praktikhotels\/\",\"https:\/\/x.com\/praktikhotels\",\"https:\/\/www.instagram.com\/praktikhotels\/\"]}]}<\/script>\n<!-- \/ Yoast SEO plugin. -->","yoast_head_json":{"title":"Av\u00eds legal - Hotel Praktik Bakery","description":"Praktik Bakery posa a la teva disposici\u00f3 un av\u00eds legal que et permetr\u00e0 consultar la normativa d'aquesta web.","robots":{"index":"index","follow":"follow","max-snippet":"max-snippet:-1","max-image-preview":"max-image-preview:large","max-video-preview":"max-video-preview:-1"},"canonical":"https:\/\/www.hotelpraktikbakery.com\/ca\/avis-legal\/","og_locale":"ca_ES","og_type":"article","og_title":"Av\u00eds legal - Hotel Praktik Bakery","og_description":"Praktik Bakery posa a la teva disposici\u00f3 un av\u00eds legal que et permetr\u00e0 consultar la normativa d'aquesta web.","og_url":"https:\/\/www.hotelpraktikbakery.com\/ca\/avis-legal\/","og_site_name":"Hotel Praktik Bakery","article_publisher":"https:\/\/www.facebook.com\/praktikhotels\/","article_modified_time":"2023-03-01T10:21:58+00:00","twitter_card":"summary_large_image","twitter_title":"Av\u00eds legal - Hotel Praktik Bakery","twitter_description":"Praktik Bakery posa a la teva disposici\u00f3 un av\u00eds legal que et permetr\u00e0 consultar la normativa d'aquesta web.","twitter_site":"@praktikhotels","twitter_misc":{"Temps estimat de lectura":"10 minuts"},"schema":{"@context":"https:\/\/schema.org","@graph":[{"@type":"WebPage","@id":"https:\/\/www.hotelpraktikbakery.com\/ca\/avis-legal\/","url":"https:\/\/www.hotelpraktikbakery.com\/ca\/avis-legal\/","name":"Av\u00eds legal - Hotel Praktik Bakery","isPartOf":{"@id":"\/#website"},"datePublished":"2022-12-14T14:38:34+00:00","dateModified":"2023-03-01T10:21:58+00:00","description":"Praktik Bakery posa a la teva disposici\u00f3 un av\u00eds legal que et permetr\u00e0 consultar la normativa d'aquesta web.","breadcrumb":{"@id":"https:\/\/www.hotelpraktikbakery.com\/ca\/avis-legal\/#breadcrumb"},"inLanguage":"ca","potentialAction":[{"@type":"ReadAction","target":["https:\/\/www.hotelpraktikbakery.com\/ca\/avis-legal\/"]}]},{"@type":"BreadcrumbList","@id":"https:\/\/www.hotelpraktikbakery.com\/ca\/avis-legal\/#breadcrumb","itemListElement":[{"@type":"ListItem","position":1,"name":"Portada","item":"https:\/\/www.hotelpraktikbakery.com\/ca\/"},{"@type":"ListItem","position":2,"name":"Av\u00eds legal"}]},{"@type":"WebSite","@id":"\/#website","url":"\/","name":"Hotel Praktik Bakery","description":"Primer hotel-panader\u00eda del mundo","publisher":{"@id":"\/#organization"},"potentialAction":[{"@type":"SearchAction","target":{"@type":"EntryPoint","urlTemplate":"\/?s={search_term_string}"},"query-input":"required name=search_term_string"}],"inLanguage":"ca"},{"@type":"Organization","@id":"\/#organization","name":"Hotel Praktik Bakery","url":"\/","logo":{"@type":"ImageObject","inLanguage":"ca","@id":"\/#\/schema\/logo\/image\/","url":"https:\/\/www.hotelpraktikbakery.com\/wp-content\/uploads\/sites\/18\/PraktikBakery-logo.png","contentUrl":"https:\/\/www.hotelpraktikbakery.com\/wp-content\/uploads\/sites\/18\/PraktikBakery-logo.png","width":360,"height":34,"caption":"Hotel Praktik Bakery"},"image":{"@id":"\/#\/schema\/logo\/image\/"},"sameAs":["https:\/\/www.facebook.com\/praktikhotels\/","https:\/\/x.com\/praktikhotels","https:\/\/www.instagram.com\/praktikhotels\/"]}]}},"_links":{"self":[{"href":"https:\/\/www.hotelpraktikbakery.com\/ca\/wp-json\/wp\/v2\/pages\/10809"}],"collection":[{"href":"https:\/\/www.hotelpraktikbakery.com\/ca\/wp-json\/wp\/v2\/pages"}],"about":[{"href":"https:\/\/www.hotelpraktikbakery.com\/ca\/wp-json\/wp\/v2\/types\/page"}],"author":[{"embeddable":true,"href":"https:\/\/www.hotelpraktikbakery.com\/ca\/wp-json\/wp\/v2\/users\/1"}],"replies":[{"embeddable":true,"href":"https:\/\/www.hotelpraktikbakery.com\/ca\/wp-json\/wp\/v2\/comments?post=10809"}],"version-history":[{"count":0,"href":"https:\/\/www.hotelpraktikbakery.com\/ca\/wp-json\/wp\/v2\/pages\/10809\/revisions"}],"wp:attachment":[{"href":"https:\/\/www.hotelpraktikbakery.com\/ca\/wp-json\/wp\/v2\/media?parent=10809"}],"curies":[{"name":"wp","href":"https:\/\/api.w.org\/{rel}","templated":true}]}}