{"id":7676,"date":"2022-11-07T09:19:07","date_gmt":"2022-11-07T09:19:07","guid":{"rendered":"https:\/\/www.hotelpraktikbakery.com\/?page_id=7676"},"modified":"2023-11-21T09:12:37","modified_gmt":"2023-11-21T09:12:37","slug":"serveis","status":"publish","type":"page","link":"https:\/\/www.hotelpraktikbakery.com\/ca\/hotel-a-barcelona\/serveis\/","title":{"rendered":"Serveis"},"content":{"rendered":"<h1 style=\"text-align: center\">Els nostres serveis<\/h1>\n<p style=\"text-align: center\">El Praktik Bakery t\u00e9 la seva pr\u00f2pia fleca anomenada &#8220;Baluard&#8221;. Disposem del delici\u00f3s esmorzar \u201cBaluard\u201d, un bufet amb productes frescos del nostre forn. Trobar\u00e0s una gran selecci\u00f3 dels diferents tipus de pa pastats al nostre obrador, brioixeria variada acabada de sortir del forn, embotits de la regi\u00f3, melmelada, mantega, cereals, iogurts, topping variat i ous durs. A m\u00e9s, oferim caf\u00e8, te o xocolata, suc de taronja natural i fruita fresca. Podeu reservar l&#8217;esmorzar en el proc\u00e9s de reserva.<\/p>\n<p><img loading=\"lazy\" decoding=\"async\" title=\"wifi-icono\" src=\"https:\/\/www.hotelpraktikbakery.com\/wp-content\/uploads\/sites\/18\/2022\/11\/wifi-icono.png\" alt=\"wifi icono\" width=\"48\" height=\"36\" data-id=\"3668\" data-init-width=\"48\" data-init-height=\"36\" data-width=\"48\" data-height=\"36\" \/><\/p>\n<p style=\"text-align: center\">Wi-Fi gratu\u00eft<\/p>\n<p><img loading=\"lazy\" decoding=\"async\" title=\"conserjeria-icono\" src=\"https:\/\/www.hotelpraktikbakery.com\/wp-content\/uploads\/sites\/18\/2022\/11\/conserjeria-icono.png\" alt=\"icono conserjeria\" width=\"48\" height=\"39\" data-id=\"3660\" data-init-width=\"54\" data-init-height=\"44\" data-width=\"48\" data-height=\"39\" \/><\/p>\n<p style=\"text-align: center\">Servei de consergeria 24 hores<\/p>\n<p><img loading=\"lazy\" decoding=\"async\" title=\"cafe-icono\" src=\"https:\/\/www.hotelpraktikbakery.com\/wp-content\/uploads\/sites\/18\/2022\/11\/cafe-icono.png\" alt=\"icono m\u00e1quina de caf\u00e9\" width=\"40\" height=\"45\" data-id=\"3659\" data-init-width=\"40\" data-init-height=\"45\" data-width=\"40\" data-height=\"45\" \/><\/p>\n<p style=\"text-align: center\">M\u00e0quina de caf\u00e8<\/p>\n<p><img loading=\"lazy\" decoding=\"async\" title=\"restaurante-icono\" src=\"https:\/\/www.hotelpraktikbakery.com\/wp-content\/uploads\/sites\/18\/2022\/11\/restaurante-icono.png\" alt=\"restaurante icono\" width=\"55\" height=\"49\" data-id=\"3664\" data-init-width=\"55\" data-init-height=\"49\" data-width=\"55\" data-height=\"49\" \/><\/p>\n<p style=\"text-align: center\">Reserva de restaurants<\/p>\n<p><img loading=\"lazy\" decoding=\"async\" title=\"desayuno\" src=\"https:\/\/www.hotelpraktikbakery.com\/wp-content\/uploads\/sites\/18\/2022\/11\/desayuno.png\" alt=\"desayuno\" width=\"70\" height=\"64\" data-id=\"8944\" data-init-width=\"150\" data-init-height=\"137\" data-width=\"70\" data-height=\"64\" \/><\/p>\n<p style=\"text-align: center\">Esmorzars buffet Baluard<\/p>\n<p><img loading=\"lazy\" decoding=\"async\" title=\"lavanderia-icono\" src=\"https:\/\/www.hotelpraktikbakery.com\/wp-content\/uploads\/sites\/18\/2022\/11\/lavanderia-icono.png\" alt=\"icono lavander\u00eda\" width=\"39\" height=\"46\" data-id=\"3662\" data-init-width=\"39\" data-init-height=\"46\" data-width=\"39\" data-height=\"46\" \/><\/p>\n<p style=\"text-align: center\">Servei de bugaderia<\/p>\n<p><img loading=\"lazy\" decoding=\"async\" title=\"toallas-icono\" src=\"https:\/\/www.hotelpraktikbakery.com\/wp-content\/uploads\/sites\/18\/2022\/11\/toallas-icono.png\" alt=\"toallas icono\" width=\"32\" height=\"46\" data-id=\"3667\" data-init-width=\"32\" data-init-height=\"46\" data-width=\"32\" data-height=\"46\" \/><\/p>\n<p style=\"text-align: center\">Tovalloles de platja<\/p>\n<p><img loading=\"lazy\" decoding=\"async\" title=\"amenities-icon\" src=\"https:\/\/www.hotelpraktikbakery.com\/wp-content\/uploads\/sites\/18\/2022\/11\/amenities-icon.png\" alt=\"Amenities anti alerg\u00e9nicos\" width=\"32\" height=\"44\" data-id=\"4508\" data-init-width=\"50\" data-init-height=\"69\" data-width=\"32\" data-height=\"44\" \/><\/p>\n<p style=\"text-align: center\">Amenities anti al\u00b7lerg\u00f2gens<\/p>\n<p><img loading=\"lazy\" decoding=\"async\" title=\"nogluten\" src=\"https:\/\/www.hotelpraktikbakery.com\/wp-content\/uploads\/sites\/18\/2022\/11\/nogluten.png\" alt=\"desayunos sin gluten\" width=\"50\" height=\"50\" data-id=\"8950\" data-init-width=\"150\" data-init-height=\"150\" data-width=\"50\" data-height=\"50\" \/><\/p>\n<p style=\"text-align: center\">Esmorzar sense gluten sota demanda<\/p>\n<p><img loading=\"lazy\" decoding=\"async\" title=\"taxisaeropuerto-icono\" src=\"https:\/\/www.hotelpraktikbakery.com\/wp-content\/uploads\/sites\/18\/2022\/11\/taxisaeropuerto-icono.png\" alt=\"taxi aeropuerto icono\" width=\"64\" height=\"46\" data-id=\"3665\" data-init-width=\"64\" data-init-height=\"46\" data-width=\"64\" data-height=\"46\" \/><\/p>\n<p style=\"text-align: center\">Transfer a l&#8217;aeroport<\/p>\n<p><img loading=\"lazy\" decoding=\"async\" title=\"guardaequipaje\" src=\"https:\/\/www.hotelpraktikbakery.com\/wp-content\/uploads\/sites\/18\/guardaequipaje.png\" alt=\"icono guardaequipaje\" width=\"50\" height=\"50\" data-id=\"11989\" data-init-width=\"50\" data-init-height=\"50\" data-width=\"50\" \/><\/p>\n<p style=\"text-align: center;color: var(--tcb-color-1) !important\">Guardaequipatges<\/p>\n<p><img loading=\"lazy\" decoding=\"async\" title=\"parking-icono\" src=\"https:\/\/www.hotelpraktikbakery.com\/wp-content\/uploads\/sites\/18\/2022\/11\/parking-icono.png\" alt=\"icono parking\" width=\"48\" height=\"48\" data-id=\"3663\" data-init-width=\"48\" data-init-height=\"48\" data-width=\"48\" data-height=\"48\" \/><\/p>\n<p style=\"text-align: center;color: var(--tcb-color-1) !important\">P\u00e0rquing p\u00fablic a 50 metres de l&#8217;hotel<\/p>\n<p><img loading=\"lazy\" decoding=\"async\" title=\"accesibilidad-icon\" src=\"https:\/\/www.hotelpraktikbakery.com\/wp-content\/uploads\/sites\/18\/2022\/11\/accesibilidad-icon.png\" alt=\"accesibilidad\" width=\"51\" height=\"51\" data-id=\"4510\" data-init-width=\"50\" data-init-height=\"50\" data-width=\"51\" data-height=\"51\" \/><\/p>\n<p style=\"text-align: center\">Accessibilitat per a persones amb mobilitat redu\u00efda<\/p>\n<p><img loading=\"lazy\" decoding=\"async\" title=\"bascula-icono\" src=\"https:\/\/www.hotelpraktikbakery.com\/wp-content\/uploads\/sites\/18\/bascula-icono.png\" alt=\"\" width=\"51\" height=\"45\" data-id=\"12136\" data-init-width=\"45\" data-init-height=\"45\" data-width=\"51\" \/><\/p>\n<p style=\"text-align: center\">B\u00e0scula per equipatges<\/p>\n<p><img loading=\"lazy\" decoding=\"async\" title=\"kettle\" src=\"https:\/\/www.hotelpraktikbakery.com\/wp-content\/uploads\/sites\/18\/kettle-1.png\" alt=\"\" width=\"66\" height=\"293\" data-id=\"12395\" data-init-width=\"393\" data-init-height=\"293\" data-width=\"66\" \/><\/p>\n<p style=\"text-align: center\">Kettle<\/p>\n<p style=\"text-align: center\">We are Barcelona<\/p>\n<p style=\"text-align: center\">We are Barcelona<\/p>\n<p>We are Barcelona<\/p>\n","protected":false},"excerpt":{"rendered":"<p>Els nostres serveis El Praktik Bakery t\u00e9 la seva pr\u00f2pia fleca anomenada &#8220;Baluard&#8221;. Disposem del delici\u00f3s esmorzar \u201cBaluard\u201d, un bufet amb productes frescos del nostre forn. Trobar\u00e0s una gran selecci\u00f3 dels diferents tipus de pa pastats al nostre obrador, brioixeria variada acabada de sortir del forn, embotits de la regi\u00f3, melmelada, mantega, cereals, iogurts, topping [&hellip;]<\/p>\n","protected":false},"author":1,"featured_media":11969,"parent":7564,"menu_order":0,"comment_status":"closed","ping_status":"closed","template":"","meta":{"inline_featured_image":false,"footnotes":""},"class_list":["post-7676","page","type-page","status-publish","has-post-thumbnail","hentry","post-wrapper","thrv_wrapper"],"yoast_head":"<!-- This site is optimized with the Yoast SEO plugin v23.2 - https:\/\/yoast.com\/wordpress\/plugins\/seo\/ -->\n<title>Serveis - Hotel Praktik Bakery<\/title>\n<meta name=\"description\" content=\"Troba a l&#039;Hotel Praktik Bakery tots els serveis que necessites per gaudir d&#039;una estada per la ciutat tal com desitges. Reserva ara!\" \/>\n<meta name=\"robots\" content=\"index, follow, max-snippet:-1, max-image-preview:large, max-video-preview:-1\" \/>\n<link rel=\"canonical\" href=\"https:\/\/www.hotelpraktikbakery.com\/ca\/hotel-a-barcelona\/serveis\/\" \/>\n<meta property=\"og:locale\" content=\"ca_ES\" \/>\n<meta property=\"og:type\" content=\"article\" \/>\n<meta property=\"og:title\" content=\"Serveis - Hotel Praktik Bakery\" \/>\n<meta property=\"og:description\" content=\"Troba a l&#039;Hotel Praktik Bakery tots els serveis que necessites per gaudir d&#039;una estada per la ciutat tal com desitges. Reserva ara!\" \/>\n<meta property=\"og:url\" content=\"https:\/\/www.hotelpraktikbakery.com\/ca\/hotel-a-barcelona\/serveis\/\" \/>\n<meta property=\"og:site_name\" content=\"Hotel Praktik Bakery\" \/>\n<meta property=\"article:publisher\" content=\"https:\/\/www.facebook.com\/praktikhotels\/\" \/>\n<meta property=\"article:modified_time\" content=\"2023-11-21T09:12:37+00:00\" \/>\n<meta property=\"og:image\" content=\"https:\/\/www.hotelpraktikbakery.com\/wp-content\/uploads\/sites\/18\/2022\/11\/wifi-icono.png\" \/>\n<meta name=\"twitter:card\" content=\"summary_large_image\" \/>\n<meta name=\"twitter:title\" content=\"Serveis - Hotel Praktik Bakery\" \/>\n<meta name=\"twitter:description\" content=\"Troba a l&#039;Hotel Praktik Bakery tots els serveis que necessites per gaudir d&#039;una estada per la ciutat tal com desitges. Reserva ara!\" \/>\n<meta name=\"twitter:site\" content=\"@praktikhotels\" \/>\n<meta name=\"twitter:label1\" content=\"Temps estimat de lectura\" \/>\n\t<meta name=\"twitter:data1\" content=\"4 minuts\" \/>\n<script type=\"application\/ld+json\" class=\"yoast-schema-graph\">{\"@context\":\"https:\/\/schema.org\",\"@graph\":[{\"@type\":\"Article\",\"@id\":\"https:\/\/www.hotelpraktikbakery.com\/ca\/hotel-a-barcelona\/serveis\/#article\",\"isPartOf\":{\"@id\":\"https:\/\/www.hotelpraktikbakery.com\/ca\/hotel-a-barcelona\/serveis\/\"},\"author\":{\"name\":\"praktkmaster\",\"@id\":\"\/#\/schema\/person\/4015c3b656759440a8291536b481326d\"},\"headline\":\"Serveis\",\"datePublished\":\"2022-11-07T09:19:07+00:00\",\"dateModified\":\"2023-11-21T09:12:37+00:00\",\"mainEntityOfPage\":{\"@id\":\"https:\/\/www.hotelpraktikbakery.com\/ca\/hotel-a-barcelona\/serveis\/\"},\"wordCount\":157,\"publisher\":{\"@id\":\"\/#organization\"},\"image\":{\"@id\":\"https:\/\/www.hotelpraktikbakery.com\/ca\/hotel-a-barcelona\/serveis\/#primaryimage\"},\"thumbnailUrl\":\"https:\/\/www.hotelpraktikbakery.com\/wp-content\/uploads\/sites\/18\/HOTEL-PRAKTIK-BAKERY-HOME-1.jpg\",\"inLanguage\":\"ca\"},{\"@type\":\"WebPage\",\"@id\":\"https:\/\/www.hotelpraktikbakery.com\/ca\/hotel-a-barcelona\/serveis\/\",\"url\":\"https:\/\/www.hotelpraktikbakery.com\/ca\/hotel-a-barcelona\/serveis\/\",\"name\":\"Serveis - Hotel Praktik Bakery\",\"isPartOf\":{\"@id\":\"\/#website\"},\"primaryImageOfPage\":{\"@id\":\"https:\/\/www.hotelpraktikbakery.com\/ca\/hotel-a-barcelona\/serveis\/#primaryimage\"},\"image\":{\"@id\":\"https:\/\/www.hotelpraktikbakery.com\/ca\/hotel-a-barcelona\/serveis\/#primaryimage\"},\"thumbnailUrl\":\"https:\/\/www.hotelpraktikbakery.com\/wp-content\/uploads\/sites\/18\/HOTEL-PRAKTIK-BAKERY-HOME-1.jpg\",\"datePublished\":\"2022-11-07T09:19:07+00:00\",\"dateModified\":\"2023-11-21T09:12:37+00:00\",\"description\":\"Troba a l'Hotel Praktik Bakery tots els serveis que necessites per gaudir d'una estada per la ciutat tal com desitges. Reserva ara!\",\"breadcrumb\":{\"@id\":\"https:\/\/www.hotelpraktikbakery.com\/ca\/hotel-a-barcelona\/serveis\/#breadcrumb\"},\"inLanguage\":\"ca\",\"potentialAction\":[{\"@type\":\"ReadAction\",\"target\":[\"https:\/\/www.hotelpraktikbakery.com\/ca\/hotel-a-barcelona\/serveis\/\"]}]},{\"@type\":\"ImageObject\",\"inLanguage\":\"ca\",\"@id\":\"https:\/\/www.hotelpraktikbakery.com\/ca\/hotel-a-barcelona\/serveis\/#primaryimage\",\"url\":\"https:\/\/www.hotelpraktikbakery.com\/wp-content\/uploads\/sites\/18\/HOTEL-PRAKTIK-BAKERY-HOME-1.jpg\",\"contentUrl\":\"https:\/\/www.hotelpraktikbakery.com\/wp-content\/uploads\/sites\/18\/HOTEL-PRAKTIK-BAKERY-HOME-1.jpg\",\"width\":2048,\"height\":1365,\"caption\":\"HOTEL-PRAKTIK-BAKERY-HOME\"},{\"@type\":\"BreadcrumbList\",\"@id\":\"https:\/\/www.hotelpraktikbakery.com\/ca\/hotel-a-barcelona\/serveis\/#breadcrumb\",\"itemListElement\":[{\"@type\":\"ListItem\",\"position\":1,\"name\":\"Portada\",\"item\":\"https:\/\/www.hotelpraktikbakery.com\/ca\/\"},{\"@type\":\"ListItem\",\"position\":2,\"name\":\"Hotel a Barcelona\",\"item\":\"https:\/\/www.hotelpraktikbakery.com\/ca\/\"},{\"@type\":\"ListItem\",\"position\":3,\"name\":\"Serveis\"}]},{\"@type\":\"WebSite\",\"@id\":\"\/#website\",\"url\":\"\/\",\"name\":\"Hotel Praktik Bakery\",\"description\":\"Primer hotel-panader\u00eda del mundo\",\"publisher\":{\"@id\":\"\/#organization\"},\"potentialAction\":[{\"@type\":\"SearchAction\",\"target\":{\"@type\":\"EntryPoint\",\"urlTemplate\":\"\/?s={search_term_string}\"},\"query-input\":\"required name=search_term_string\"}],\"inLanguage\":\"ca\"},{\"@type\":\"Organization\",\"@id\":\"\/#organization\",\"name\":\"Hotel Praktik Bakery\",\"url\":\"\/\",\"logo\":{\"@type\":\"ImageObject\",\"inLanguage\":\"ca\",\"@id\":\"\/#\/schema\/logo\/image\/\",\"url\":\"https:\/\/www.hotelpraktikbakery.com\/wp-content\/uploads\/sites\/18\/PraktikBakery-logo.png\",\"contentUrl\":\"https:\/\/www.hotelpraktikbakery.com\/wp-content\/uploads\/sites\/18\/PraktikBakery-logo.png\",\"width\":360,\"height\":34,\"caption\":\"Hotel Praktik Bakery\"},\"image\":{\"@id\":\"\/#\/schema\/logo\/image\/\"},\"sameAs\":[\"https:\/\/www.facebook.com\/praktikhotels\/\",\"https:\/\/x.com\/praktikhotels\",\"https:\/\/www.instagram.com\/praktikhotels\/\"]},{\"@type\":\"Person\",\"@id\":\"\/#\/schema\/person\/4015c3b656759440a8291536b481326d\",\"name\":\"praktkmaster\",\"image\":{\"@type\":\"ImageObject\",\"inLanguage\":\"ca\",\"@id\":\"\/#\/schema\/person\/image\/\",\"url\":\"https:\/\/secure.gravatar.com\/avatar\/29d735a18eaffe4d58415575700d4e8f?s=96&d=mm&r=g\",\"contentUrl\":\"https:\/\/secure.gravatar.com\/avatar\/29d735a18eaffe4d58415575700d4e8f?s=96&d=mm&r=g\",\"caption\":\"praktkmaster\"},\"sameAs\":[\"http:\/\/praktikdev.rkinnova.com\"]}]}<\/script>\n<!-- \/ Yoast SEO plugin. -->","yoast_head_json":{"title":"Serveis - Hotel Praktik Bakery","description":"Troba a l'Hotel Praktik Bakery tots els serveis que necessites per gaudir d'una estada per la ciutat tal com desitges. Reserva ara!","robots":{"index":"index","follow":"follow","max-snippet":"max-snippet:-1","max-image-preview":"max-image-preview:large","max-video-preview":"max-video-preview:-1"},"canonical":"https:\/\/www.hotelpraktikbakery.com\/ca\/hotel-a-barcelona\/serveis\/","og_locale":"ca_ES","og_type":"article","og_title":"Serveis - Hotel Praktik Bakery","og_description":"Troba a l'Hotel Praktik Bakery tots els serveis que necessites per gaudir d'una estada per la ciutat tal com desitges. Reserva ara!","og_url":"https:\/\/www.hotelpraktikbakery.com\/ca\/hotel-a-barcelona\/serveis\/","og_site_name":"Hotel Praktik Bakery","article_publisher":"https:\/\/www.facebook.com\/praktikhotels\/","article_modified_time":"2023-11-21T09:12:37+00:00","og_image":[{"url":"https:\/\/www.hotelpraktikbakery.com\/wp-content\/uploads\/sites\/18\/2022\/11\/wifi-icono.png"}],"twitter_card":"summary_large_image","twitter_title":"Serveis - Hotel Praktik Bakery","twitter_description":"Troba a l'Hotel Praktik Bakery tots els serveis que necessites per gaudir d'una estada per la ciutat tal com desitges. Reserva ara!","twitter_site":"@praktikhotels","twitter_misc":{"Temps estimat de lectura":"4 minuts"},"schema":{"@context":"https:\/\/schema.org","@graph":[{"@type":"Article","@id":"https:\/\/www.hotelpraktikbakery.com\/ca\/hotel-a-barcelona\/serveis\/#article","isPartOf":{"@id":"https:\/\/www.hotelpraktikbakery.com\/ca\/hotel-a-barcelona\/serveis\/"},"author":{"name":"praktkmaster","@id":"\/#\/schema\/person\/4015c3b656759440a8291536b481326d"},"headline":"Serveis","datePublished":"2022-11-07T09:19:07+00:00","dateModified":"2023-11-21T09:12:37+00:00","mainEntityOfPage":{"@id":"https:\/\/www.hotelpraktikbakery.com\/ca\/hotel-a-barcelona\/serveis\/"},"wordCount":157,"publisher":{"@id":"\/#organization"},"image":{"@id":"https:\/\/www.hotelpraktikbakery.com\/ca\/hotel-a-barcelona\/serveis\/#primaryimage"},"thumbnailUrl":"https:\/\/www.hotelpraktikbakery.com\/wp-content\/uploads\/sites\/18\/HOTEL-PRAKTIK-BAKERY-HOME-1.jpg","inLanguage":"ca"},{"@type":"WebPage","@id":"https:\/\/www.hotelpraktikbakery.com\/ca\/hotel-a-barcelona\/serveis\/","url":"https:\/\/www.hotelpraktikbakery.com\/ca\/hotel-a-barcelona\/serveis\/","name":"Serveis - Hotel Praktik Bakery","isPartOf":{"@id":"\/#website"},"primaryImageOfPage":{"@id":"https:\/\/www.hotelpraktikbakery.com\/ca\/hotel-a-barcelona\/serveis\/#primaryimage"},"image":{"@id":"https:\/\/www.hotelpraktikbakery.com\/ca\/hotel-a-barcelona\/serveis\/#primaryimage"},"thumbnailUrl":"https:\/\/www.hotelpraktikbakery.com\/wp-content\/uploads\/sites\/18\/HOTEL-PRAKTIK-BAKERY-HOME-1.jpg","datePublished":"2022-11-07T09:19:07+00:00","dateModified":"2023-11-21T09:12:37+00:00","description":"Troba a l'Hotel Praktik Bakery tots els serveis que necessites per gaudir d'una estada per la ciutat tal com desitges. Reserva ara!","breadcrumb":{"@id":"https:\/\/www.hotelpraktikbakery.com\/ca\/hotel-a-barcelona\/serveis\/#breadcrumb"},"inLanguage":"ca","potentialAction":[{"@type":"ReadAction","target":["https:\/\/www.hotelpraktikbakery.com\/ca\/hotel-a-barcelona\/serveis\/"]}]},{"@type":"ImageObject","inLanguage":"ca","@id":"https:\/\/www.hotelpraktikbakery.com\/ca\/hotel-a-barcelona\/serveis\/#primaryimage","url":"https:\/\/www.hotelpraktikbakery.com\/wp-content\/uploads\/sites\/18\/HOTEL-PRAKTIK-BAKERY-HOME-1.jpg","contentUrl":"https:\/\/www.hotelpraktikbakery.com\/wp-content\/uploads\/sites\/18\/HOTEL-PRAKTIK-BAKERY-HOME-1.jpg","width":2048,"height":1365,"caption":"HOTEL-PRAKTIK-BAKERY-HOME"},{"@type":"BreadcrumbList","@id":"https:\/\/www.hotelpraktikbakery.com\/ca\/hotel-a-barcelona\/serveis\/#breadcrumb","itemListElement":[{"@type":"ListItem","position":1,"name":"Portada","item":"https:\/\/www.hotelpraktikbakery.com\/ca\/"},{"@type":"ListItem","position":2,"name":"Hotel a Barcelona","item":"https:\/\/www.hotelpraktikbakery.com\/ca\/"},{"@type":"ListItem","position":3,"name":"Serveis"}]},{"@type":"WebSite","@id":"\/#website","url":"\/","name":"Hotel Praktik Bakery","description":"Primer hotel-panader\u00eda del mundo","publisher":{"@id":"\/#organization"},"potentialAction":[{"@type":"SearchAction","target":{"@type":"EntryPoint","urlTemplate":"\/?s={search_term_string}"},"query-input":"required name=search_term_string"}],"inLanguage":"ca"},{"@type":"Organization","@id":"\/#organization","name":"Hotel Praktik Bakery","url":"\/","logo":{"@type":"ImageObject","inLanguage":"ca","@id":"\/#\/schema\/logo\/image\/","url":"https:\/\/www.hotelpraktikbakery.com\/wp-content\/uploads\/sites\/18\/PraktikBakery-logo.png","contentUrl":"https:\/\/www.hotelpraktikbakery.com\/wp-content\/uploads\/sites\/18\/PraktikBakery-logo.png","width":360,"height":34,"caption":"Hotel Praktik Bakery"},"image":{"@id":"\/#\/schema\/logo\/image\/"},"sameAs":["https:\/\/www.facebook.com\/praktikhotels\/","https:\/\/x.com\/praktikhotels","https:\/\/www.instagram.com\/praktikhotels\/"]},{"@type":"Person","@id":"\/#\/schema\/person\/4015c3b656759440a8291536b481326d","name":"praktkmaster","image":{"@type":"ImageObject","inLanguage":"ca","@id":"\/#\/schema\/person\/image\/","url":"https:\/\/secure.gravatar.com\/avatar\/29d735a18eaffe4d58415575700d4e8f?s=96&d=mm&r=g","contentUrl":"https:\/\/secure.gravatar.com\/avatar\/29d735a18eaffe4d58415575700d4e8f?s=96&d=mm&r=g","caption":"praktkmaster"},"sameAs":["http:\/\/praktikdev.rkinnova.com"]}]}},"_links":{"self":[{"href":"https:\/\/www.hotelpraktikbakery.com\/ca\/wp-json\/wp\/v2\/pages\/7676"}],"collection":[{"href":"https:\/\/www.hotelpraktikbakery.com\/ca\/wp-json\/wp\/v2\/pages"}],"about":[{"href":"https:\/\/www.hotelpraktikbakery.com\/ca\/wp-json\/wp\/v2\/types\/page"}],"author":[{"embeddable":true,"href":"https:\/\/www.hotelpraktikbakery.com\/ca\/wp-json\/wp\/v2\/users\/1"}],"replies":[{"embeddable":true,"href":"https:\/\/www.hotelpraktikbakery.com\/ca\/wp-json\/wp\/v2\/comments?post=7676"}],"version-history":[{"count":1,"href":"https:\/\/www.hotelpraktikbakery.com\/ca\/wp-json\/wp\/v2\/pages\/7676\/revisions"}],"predecessor-version":[{"id":13638,"href":"https:\/\/www.hotelpraktikbakery.com\/ca\/wp-json\/wp\/v2\/pages\/7676\/revisions\/13638"}],"up":[{"embeddable":true,"href":"https:\/\/www.hotelpraktikbakery.com\/ca\/wp-json\/wp\/v2\/pages\/7564"}],"wp:featuredmedia":[{"embeddable":true,"href":"https:\/\/www.hotelpraktikbakery.com\/ca\/wp-json\/wp\/v2\/media\/11969"}],"wp:attachment":[{"href":"https:\/\/www.hotelpraktikbakery.com\/ca\/wp-json\/wp\/v2\/media?parent=7676"}],"curies":[{"name":"wp","href":"https:\/\/api.w.org\/{rel}","templated":true}]}}