{"id":10799,"date":"2022-12-07T11:27:22","date_gmt":"2022-12-07T11:27:22","guid":{"rendered":"https:\/\/www.hotelpraktikbakery.com\/?page_id=10799"},"modified":"2023-11-21T10:03:39","modified_gmt":"2023-11-21T10:03:39","slug":"cookie-richtlinie","status":"publish","type":"page","link":"https:\/\/www.hotelpraktikbakery.com\/de\/cookie-richtlinie\/","title":{"rendered":"Cookie Richtlinie"},"content":{"rendered":"<p>COOKIES POLICY Cookies are files that are downloaded on your computer when you access certain website.<\/p>\n<p>Cookies allow a website to, among others, store and recover information on a user\u2019s or computer\u2019s browsing habits and, depending on the information they contain and how it is used by the equipment, can be used to recognize the user\u2026<\/p>\n<p>The user\u2019s browser stores cookies on the hard disk only during the current session, occupying minimal space and without damaging the computer.<\/p>\n<p>Cookies do not contain any kind of specific personal information, and most of them are erased from the hard disk when you close your browser (session cookies).<\/p>\n<p>Most browsers accept cookies as standard and, independently of them, the security adjustments allow or block temporary or saved cookies.<\/p>\n<p>Without your express consent \u2013 by activating cookies on your browser &#8211; PRAKTIK HOTELS will not link the saved date in cookies with your personal data provided at the time of registration or purchase.<\/p>\n<h5>What types of cookies does this website use?<\/h5>\n<ul>\n<li><strong>Technical cookies:<\/strong> These are cookies which allow the user to browse a website, platform or application and to use the different options or services it offers, such as controlling data traffic and communication, identifying the session, access restricted access areas, remembers elements that make up an order, completing a purchase process, requesting registration or participation in an event, using security elements while browsing, storing content for the dissemination of videos or sound or sharing content on social networks.<\/li>\n<li><strong>Analysis cookies:<\/strong> These are cookies processed either by us or by third parties that allow us to quantify the number of users and thus carry out the measurement and statistical analysis of the use made by users of the service offered. To do so, the user\u2019s browsing of our website is analysed in order to improve the products or services we offer.<\/li>\n<li><strong>Behavioural advertising cookies:<\/strong> These are cookies that permit the most efficient management possible of any advertising spaces that the publisher has included in a website, application or platform from which the requested service is provided. These cookies store information on the users\u2019 behaviour obtained through continued observation of their browsing habits, which makes it possible to develop a specific profile to display advertising accordingly.<\/li>\n<li><strong>Third-party cookies:<\/strong> PRAKTIK HOTELS website may use the services of third parties who, on behalf of PRAKTIK HOTELS, gather information for statistical purposes on the use of the website by the user and for the provision of other services related to the website\u2019s activity and other Internet services.<\/li>\n<\/ul>\n<p>In particular, this website uses Google Analytics, an analytical web service provided by Google, Inc., domiciled in the United States of America, with its head o\u2000ce at 1600 Amphitheatre Parkway, Mountain View, California 94043.<\/p>\n<p>For the provision of these services, cookies are used that compile information, including the user\u2019s IP address, which will be transmitted, processed and stored by Google in the terms established on the website Google.com, including the possible transfer of such information to third parties for reasons of legal requirement or when such third parties process the information on behalf of Google.<\/p>\n<p>By using this Website, the User expressly accepts the processing of the information gathered in the manner and for the purposes mentioned above.<\/p>\n<p>Furthermore, the User acknowledges that he\/she is aware of the possibility of rejecting the processing of such data or information by rejecting the use of Cookies by selecting the appropriate setup for that purpose on his\/her browser, although this option to block Cookies on his\/her browser might not allow the User to make full use of all the Website functionalities.<\/p>\n<p>You may permit, block or eliminate the cookies installed on your equipment by setting the browser options for your computer:<\/p>\n<ul>\n<li><a href=\"https:\/\/support.google.com\/chrome\/answer\/95647?hl=es\">Chrome <\/a><\/li>\n<li><a href=\"https:\/\/support.microsoft.com\/en-us\/microsoft-edge\/delete-cookies-in-microsoft-edge-63947406-40ac-c3b8-57b9-2a946a29ae09\">Edge<\/a><\/li>\n<li><a href=\"https:\/\/support.mozilla.org\/es\/kb\/habilitar-y-deshabilitar-cookies-sitios-web-rastrear-preferencias?redirectslug=habilitar-y-deshabilitar-cookies-que-los-sitios-we&amp;redirectlocale=en\">Firefox <\/a><\/li>\n<li><a href=\"https:\/\/support.apple.com\/es-es\/HT201265\">Safari <\/a><\/li>\n<\/ul>\n<p>If you have any doubts about this cookies policy, you can contact PRAKTIK HOTELS at hello@praktikhotels.com<\/p>\n","protected":false},"excerpt":{"rendered":"<p>COOKIES POLICY Cookies are files that are downloaded on your computer when you access certain website. Cookies allow a website to, among others, store and recover information on a user\u2019s or computer\u2019s browsing habits and, depending on the information they contain and how it is used by the equipment, can be used to recognize the [&hellip;]<\/p>\n","protected":false},"author":1,"featured_media":0,"parent":0,"menu_order":0,"comment_status":"closed","ping_status":"closed","template":"","meta":{"inline_featured_image":false,"footnotes":""},"class_list":["post-10799","page","type-page","status-publish","hentry","post-wrapper","thrv_wrapper"],"yoast_head":"<!-- This site is optimized with the Yoast SEO plugin v23.2 - https:\/\/yoast.com\/wordpress\/plugins\/seo\/ -->\n<title>Cookie-Richtlinie - Hotel Praktik Bakery<\/title>\n<meta name=\"description\" content=\"Ohne Ihre Zustimmung wird PRAKTIK HOTELS Ihre pers\u00f6nlichen Daten, die beim Anmelden oder Kaufen bereitgestellt wurden, nicht in den Cookies verkn\u00fcpfen.\" \/>\n<meta name=\"robots\" content=\"index, follow, max-snippet:-1, max-image-preview:large, max-video-preview:-1\" \/>\n<link rel=\"canonical\" href=\"https:\/\/www.hotelpraktikbakery.com\/de\/cookie-richtlinie\/\" \/>\n<meta property=\"og:locale\" content=\"de_DE\" \/>\n<meta property=\"og:type\" content=\"article\" \/>\n<meta property=\"og:title\" content=\"Cookie-Richtlinie - Hotel Praktik Bakery\" \/>\n<meta property=\"og:description\" content=\"Ohne Ihre Zustimmung wird PRAKTIK HOTELS Ihre pers\u00f6nlichen Daten, die beim Anmelden oder Kaufen bereitgestellt wurden, nicht in den Cookies verkn\u00fcpfen.\" \/>\n<meta property=\"og:url\" content=\"https:\/\/www.hotelpraktikbakery.com\/de\/cookie-richtlinie\/\" \/>\n<meta property=\"og:site_name\" content=\"Hotel Praktik Bakery\" \/>\n<meta property=\"article:publisher\" content=\"https:\/\/www.facebook.com\/praktikhotels\/\" \/>\n<meta property=\"article:modified_time\" content=\"2023-11-21T10:03:39+00:00\" \/>\n<meta name=\"twitter:card\" content=\"summary_large_image\" \/>\n<meta name=\"twitter:title\" content=\"Cookie-Richtlinie - Hotel Praktik Bakery\" \/>\n<meta name=\"twitter:description\" content=\"Ohne Ihre Zustimmung wird PRAKTIK HOTELS Ihre pers\u00f6nlichen Daten, die beim Anmelden oder Kaufen bereitgestellt wurden, nicht in den Cookies verkn\u00fcpfen.\" \/>\n<meta name=\"twitter:site\" content=\"@praktikhotels\" \/>\n<meta name=\"twitter:label1\" content=\"Gesch\u00e4tzte Lesezeit\" \/>\n\t<meta name=\"twitter:data1\" content=\"3\u00a0Minuten\" \/>\n<script type=\"application\/ld+json\" class=\"yoast-schema-graph\">{\"@context\":\"https:\/\/schema.org\",\"@graph\":[{\"@type\":\"Article\",\"@id\":\"https:\/\/www.hotelpraktikbakery.com\/de\/cookie-richtlinie\/#article\",\"isPartOf\":{\"@id\":\"https:\/\/www.hotelpraktikbakery.com\/de\/cookie-richtlinie\/\"},\"author\":{\"name\":\"praktkmaster\",\"@id\":\"\/#\/schema\/person\/4015c3b656759440a8291536b481326d\"},\"headline\":\"Cookie Richtlinie\",\"datePublished\":\"2022-12-07T11:27:22+00:00\",\"dateModified\":\"2023-11-21T10:03:39+00:00\",\"mainEntityOfPage\":{\"@id\":\"https:\/\/www.hotelpraktikbakery.com\/de\/cookie-richtlinie\/\"},\"wordCount\":649,\"publisher\":{\"@id\":\"\/#organization\"},\"inLanguage\":\"de\"},{\"@type\":\"WebPage\",\"@id\":\"https:\/\/www.hotelpraktikbakery.com\/de\/cookie-richtlinie\/\",\"url\":\"https:\/\/www.hotelpraktikbakery.com\/de\/cookie-richtlinie\/\",\"name\":\"Cookie-Richtlinie - Hotel Praktik Bakery\",\"isPartOf\":{\"@id\":\"\/#website\"},\"datePublished\":\"2022-12-07T11:27:22+00:00\",\"dateModified\":\"2023-11-21T10:03:39+00:00\",\"description\":\"Ohne Ihre Zustimmung wird PRAKTIK HOTELS Ihre pers\u00f6nlichen Daten, die beim Anmelden oder Kaufen bereitgestellt wurden, nicht in den Cookies verkn\u00fcpfen.\",\"breadcrumb\":{\"@id\":\"https:\/\/www.hotelpraktikbakery.com\/de\/cookie-richtlinie\/#breadcrumb\"},\"inLanguage\":\"de\",\"potentialAction\":[{\"@type\":\"ReadAction\",\"target\":[\"https:\/\/www.hotelpraktikbakery.com\/de\/cookie-richtlinie\/\"]}]},{\"@type\":\"BreadcrumbList\",\"@id\":\"https:\/\/www.hotelpraktikbakery.com\/de\/cookie-richtlinie\/#breadcrumb\",\"itemListElement\":[{\"@type\":\"ListItem\",\"position\":1,\"name\":\"Portada\",\"item\":\"https:\/\/www.hotelpraktikbakery.com\/de\/\"},{\"@type\":\"ListItem\",\"position\":2,\"name\":\"Cookie Richtlinie\"}]},{\"@type\":\"WebSite\",\"@id\":\"\/#website\",\"url\":\"\/\",\"name\":\"Hotel Praktik Bakery\",\"description\":\"Primer hotel-panader\u00eda del mundo\",\"publisher\":{\"@id\":\"\/#organization\"},\"potentialAction\":[{\"@type\":\"SearchAction\",\"target\":{\"@type\":\"EntryPoint\",\"urlTemplate\":\"\/?s={search_term_string}\"},\"query-input\":\"required name=search_term_string\"}],\"inLanguage\":\"de\"},{\"@type\":\"Organization\",\"@id\":\"\/#organization\",\"name\":\"Hotel Praktik Bakery\",\"url\":\"\/\",\"logo\":{\"@type\":\"ImageObject\",\"inLanguage\":\"de\",\"@id\":\"\/#\/schema\/logo\/image\/\",\"url\":\"https:\/\/www.hotelpraktikbakery.com\/wp-content\/uploads\/sites\/18\/PraktikBakery-logo.png\",\"contentUrl\":\"https:\/\/www.hotelpraktikbakery.com\/wp-content\/uploads\/sites\/18\/PraktikBakery-logo.png\",\"width\":360,\"height\":34,\"caption\":\"Hotel Praktik Bakery\"},\"image\":{\"@id\":\"\/#\/schema\/logo\/image\/\"},\"sameAs\":[\"https:\/\/www.facebook.com\/praktikhotels\/\",\"https:\/\/x.com\/praktikhotels\",\"https:\/\/www.instagram.com\/praktikhotels\/\"]},{\"@type\":\"Person\",\"@id\":\"\/#\/schema\/person\/4015c3b656759440a8291536b481326d\",\"name\":\"praktkmaster\",\"image\":{\"@type\":\"ImageObject\",\"inLanguage\":\"de\",\"@id\":\"\/#\/schema\/person\/image\/\",\"url\":\"https:\/\/secure.gravatar.com\/avatar\/29d735a18eaffe4d58415575700d4e8f?s=96&d=mm&r=g\",\"contentUrl\":\"https:\/\/secure.gravatar.com\/avatar\/29d735a18eaffe4d58415575700d4e8f?s=96&d=mm&r=g\",\"caption\":\"praktkmaster\"},\"sameAs\":[\"http:\/\/praktikdev.rkinnova.com\"]}]}<\/script>\n<!-- \/ Yoast SEO plugin. -->","yoast_head_json":{"title":"Cookie-Richtlinie - Hotel Praktik Bakery","description":"Ohne Ihre Zustimmung wird PRAKTIK HOTELS Ihre pers\u00f6nlichen Daten, die beim Anmelden oder Kaufen bereitgestellt wurden, nicht in den Cookies verkn\u00fcpfen.","robots":{"index":"index","follow":"follow","max-snippet":"max-snippet:-1","max-image-preview":"max-image-preview:large","max-video-preview":"max-video-preview:-1"},"canonical":"https:\/\/www.hotelpraktikbakery.com\/de\/cookie-richtlinie\/","og_locale":"de_DE","og_type":"article","og_title":"Cookie-Richtlinie - Hotel Praktik Bakery","og_description":"Ohne Ihre Zustimmung wird PRAKTIK HOTELS Ihre pers\u00f6nlichen Daten, die beim Anmelden oder Kaufen bereitgestellt wurden, nicht in den Cookies verkn\u00fcpfen.","og_url":"https:\/\/www.hotelpraktikbakery.com\/de\/cookie-richtlinie\/","og_site_name":"Hotel Praktik Bakery","article_publisher":"https:\/\/www.facebook.com\/praktikhotels\/","article_modified_time":"2023-11-21T10:03:39+00:00","twitter_card":"summary_large_image","twitter_title":"Cookie-Richtlinie - Hotel Praktik Bakery","twitter_description":"Ohne Ihre Zustimmung wird PRAKTIK HOTELS Ihre pers\u00f6nlichen Daten, die beim Anmelden oder Kaufen bereitgestellt wurden, nicht in den Cookies verkn\u00fcpfen.","twitter_site":"@praktikhotels","twitter_misc":{"Gesch\u00e4tzte Lesezeit":"3\u00a0Minuten"},"schema":{"@context":"https:\/\/schema.org","@graph":[{"@type":"Article","@id":"https:\/\/www.hotelpraktikbakery.com\/de\/cookie-richtlinie\/#article","isPartOf":{"@id":"https:\/\/www.hotelpraktikbakery.com\/de\/cookie-richtlinie\/"},"author":{"name":"praktkmaster","@id":"\/#\/schema\/person\/4015c3b656759440a8291536b481326d"},"headline":"Cookie Richtlinie","datePublished":"2022-12-07T11:27:22+00:00","dateModified":"2023-11-21T10:03:39+00:00","mainEntityOfPage":{"@id":"https:\/\/www.hotelpraktikbakery.com\/de\/cookie-richtlinie\/"},"wordCount":649,"publisher":{"@id":"\/#organization"},"inLanguage":"de"},{"@type":"WebPage","@id":"https:\/\/www.hotelpraktikbakery.com\/de\/cookie-richtlinie\/","url":"https:\/\/www.hotelpraktikbakery.com\/de\/cookie-richtlinie\/","name":"Cookie-Richtlinie - Hotel Praktik Bakery","isPartOf":{"@id":"\/#website"},"datePublished":"2022-12-07T11:27:22+00:00","dateModified":"2023-11-21T10:03:39+00:00","description":"Ohne Ihre Zustimmung wird PRAKTIK HOTELS Ihre pers\u00f6nlichen Daten, die beim Anmelden oder Kaufen bereitgestellt wurden, nicht in den Cookies verkn\u00fcpfen.","breadcrumb":{"@id":"https:\/\/www.hotelpraktikbakery.com\/de\/cookie-richtlinie\/#breadcrumb"},"inLanguage":"de","potentialAction":[{"@type":"ReadAction","target":["https:\/\/www.hotelpraktikbakery.com\/de\/cookie-richtlinie\/"]}]},{"@type":"BreadcrumbList","@id":"https:\/\/www.hotelpraktikbakery.com\/de\/cookie-richtlinie\/#breadcrumb","itemListElement":[{"@type":"ListItem","position":1,"name":"Portada","item":"https:\/\/www.hotelpraktikbakery.com\/de\/"},{"@type":"ListItem","position":2,"name":"Cookie Richtlinie"}]},{"@type":"WebSite","@id":"\/#website","url":"\/","name":"Hotel Praktik Bakery","description":"Primer hotel-panader\u00eda del mundo","publisher":{"@id":"\/#organization"},"potentialAction":[{"@type":"SearchAction","target":{"@type":"EntryPoint","urlTemplate":"\/?s={search_term_string}"},"query-input":"required name=search_term_string"}],"inLanguage":"de"},{"@type":"Organization","@id":"\/#organization","name":"Hotel Praktik Bakery","url":"\/","logo":{"@type":"ImageObject","inLanguage":"de","@id":"\/#\/schema\/logo\/image\/","url":"https:\/\/www.hotelpraktikbakery.com\/wp-content\/uploads\/sites\/18\/PraktikBakery-logo.png","contentUrl":"https:\/\/www.hotelpraktikbakery.com\/wp-content\/uploads\/sites\/18\/PraktikBakery-logo.png","width":360,"height":34,"caption":"Hotel Praktik Bakery"},"image":{"@id":"\/#\/schema\/logo\/image\/"},"sameAs":["https:\/\/www.facebook.com\/praktikhotels\/","https:\/\/x.com\/praktikhotels","https:\/\/www.instagram.com\/praktikhotels\/"]},{"@type":"Person","@id":"\/#\/schema\/person\/4015c3b656759440a8291536b481326d","name":"praktkmaster","image":{"@type":"ImageObject","inLanguage":"de","@id":"\/#\/schema\/person\/image\/","url":"https:\/\/secure.gravatar.com\/avatar\/29d735a18eaffe4d58415575700d4e8f?s=96&d=mm&r=g","contentUrl":"https:\/\/secure.gravatar.com\/avatar\/29d735a18eaffe4d58415575700d4e8f?s=96&d=mm&r=g","caption":"praktkmaster"},"sameAs":["http:\/\/praktikdev.rkinnova.com"]}]}},"_links":{"self":[{"href":"https:\/\/www.hotelpraktikbakery.com\/de\/wp-json\/wp\/v2\/pages\/10799"}],"collection":[{"href":"https:\/\/www.hotelpraktikbakery.com\/de\/wp-json\/wp\/v2\/pages"}],"about":[{"href":"https:\/\/www.hotelpraktikbakery.com\/de\/wp-json\/wp\/v2\/types\/page"}],"author":[{"embeddable":true,"href":"https:\/\/www.hotelpraktikbakery.com\/de\/wp-json\/wp\/v2\/users\/1"}],"replies":[{"embeddable":true,"href":"https:\/\/www.hotelpraktikbakery.com\/de\/wp-json\/wp\/v2\/comments?post=10799"}],"version-history":[{"count":1,"href":"https:\/\/www.hotelpraktikbakery.com\/de\/wp-json\/wp\/v2\/pages\/10799\/revisions"}],"predecessor-version":[{"id":13644,"href":"https:\/\/www.hotelpraktikbakery.com\/de\/wp-json\/wp\/v2\/pages\/10799\/revisions\/13644"}],"wp:attachment":[{"href":"https:\/\/www.hotelpraktikbakery.com\/de\/wp-json\/wp\/v2\/media?parent=10799"}],"curies":[{"name":"wp","href":"https:\/\/api.w.org\/{rel}","templated":true}]}}