{"id":7692,"date":"2022-11-07T09:19:07","date_gmt":"2022-11-07T09:19:07","guid":{"rendered":"https:\/\/www.hotelpraktikbakery.com\/?page_id=7692"},"modified":"2023-11-21T09:17:06","modified_gmt":"2023-11-21T09:17:06","slug":"service","status":"publish","type":"page","link":"https:\/\/www.hotelpraktikbakery.com\/de\/hotel-barcelona\/service\/","title":{"rendered":"Service"},"content":{"rendered":"<h1 style=\"text-align: center\">Unsere Leistungen<\/h1>\n<p style=\"text-align: center\">Die Praktik Bakery hat eine eigene B\u00e4ckerei namens &#8222;Baluard&#8220;. Wir verf\u00fcgen \u00fcber ein k\u00f6stliches \u201eBaluard\u201c-Fr\u00fchst\u00fcck, ein Buffet mit frischen Produkten aus unserer B\u00e4ckerei. Sie finden eine gro\u00dfe Auswahl an verschiedenen Brotsorten, die in unserer Werkstatt geknetet werden, verschiedene ofenfrische Mehlspeisen, regionale Wurstwaren, Marmelade, Butter, M\u00fcsli, Joghurt, verschiedene Toppings und hartgekochte Eier. Dar\u00fcber hinaus, bieten wir Kaffee, Tee oder Schokolade, frischen Orangensaft und frisches Obst an. Das Fr\u00fchst\u00fcck k\u00f6nnen Sie im Buchungsprozess hinzubuchen.<\/p>\n<p><img loading=\"lazy\" decoding=\"async\" title=\"wifi-icono\" src=\"https:\/\/www.hotelpraktikbakery.com\/wp-content\/uploads\/sites\/18\/2022\/11\/wifi-icono.png\" alt=\"wifi icono\" width=\"48\" height=\"36\" data-id=\"3668\" data-init-width=\"48\" data-init-height=\"36\" data-width=\"48\" data-height=\"36\" \/><\/p>\n<p style=\"text-align: center\">Gratis WLAN<\/p>\n<p><img loading=\"lazy\" decoding=\"async\" title=\"conserjeria-icono\" src=\"https:\/\/www.hotelpraktikbakery.com\/wp-content\/uploads\/sites\/18\/2022\/11\/conserjeria-icono.png\" alt=\"icono conserjeria\" width=\"48\" height=\"39\" data-id=\"3660\" data-init-width=\"54\" data-init-height=\"44\" data-width=\"48\" data-height=\"39\" \/><\/p>\n<p style=\"text-align: center\">\u00a024-Stunden-Concierge-Service<\/p>\n<p><img loading=\"lazy\" decoding=\"async\" title=\"cafe-icono\" src=\"https:\/\/www.hotelpraktikbakery.com\/wp-content\/uploads\/sites\/18\/2022\/11\/cafe-icono.png\" alt=\"icono m\u00e1quina de caf\u00e9\" width=\"40\" height=\"45\" data-id=\"3659\" data-init-width=\"40\" data-init-height=\"45\" data-width=\"40\" data-height=\"45\" \/><\/p>\n<p style=\"text-align: center\">\u00a0Kaffeemaschine<\/p>\n<p><img loading=\"lazy\" decoding=\"async\" title=\"restaurante-icono\" src=\"https:\/\/www.hotelpraktikbakery.com\/wp-content\/uploads\/sites\/18\/2022\/11\/restaurante-icono.png\" alt=\"restaurante icono\" width=\"55\" height=\"49\" data-id=\"3664\" data-init-width=\"55\" data-init-height=\"49\" data-width=\"55\" data-height=\"49\" \/><\/p>\n<p style=\"text-align: center\">\u00a0Restaurantreservierung<\/p>\n<p><img loading=\"lazy\" decoding=\"async\" title=\"desayuno\" src=\"https:\/\/www.hotelpraktikbakery.com\/wp-content\/uploads\/sites\/18\/2022\/11\/desayuno.png\" alt=\"desayuno\" width=\"70\" height=\"64\" data-id=\"8944\" data-init-width=\"150\" data-init-height=\"137\" data-width=\"70\" data-height=\"64\" \/><\/p>\n<p style=\"text-align: center;color: var(--tcb-color-1) !important\">Fr\u00fchst\u00fcck Buffet Baluard<\/p>\n<p><img loading=\"lazy\" decoding=\"async\" title=\"lavanderia-icono\" src=\"https:\/\/www.hotelpraktikbakery.com\/wp-content\/uploads\/sites\/18\/2022\/11\/lavanderia-icono.png\" alt=\"icono lavander\u00eda\" width=\"39\" height=\"46\" data-id=\"3662\" data-init-width=\"39\" data-init-height=\"46\" data-width=\"39\" data-height=\"46\" \/><\/p>\n<p style=\"text-align: center\">\u00a0W\u00e4scherei-Service<\/p>\n<p><img loading=\"lazy\" decoding=\"async\" title=\"toallas-icono\" src=\"https:\/\/www.hotelpraktikbakery.com\/wp-content\/uploads\/sites\/18\/2022\/11\/toallas-icono.png\" alt=\"toallas icono\" width=\"32\" height=\"46\" data-id=\"3667\" data-init-width=\"32\" data-init-height=\"46\" data-width=\"32\" data-height=\"46\" \/><\/p>\n<p style=\"text-align: center\">\u00a0Strandt\u00fccher<\/p>\n<p><img loading=\"lazy\" decoding=\"async\" title=\"amenities-icon\" src=\"https:\/\/www.hotelpraktikbakery.com\/wp-content\/uploads\/sites\/18\/2022\/11\/amenities-icon.png\" alt=\"Amenities anti alerg\u00e9nicos\" width=\"32\" height=\"44\" data-id=\"4508\" data-init-width=\"50\" data-init-height=\"69\" data-width=\"32\" data-height=\"44\" \/><\/p>\n<p style=\"text-align: center\">\u00a0Antiallergene Ausstattung<\/p>\n<p><img loading=\"lazy\" decoding=\"async\" title=\"nogluten\" src=\"https:\/\/www.hotelpraktikbakery.com\/wp-content\/uploads\/sites\/18\/2022\/11\/nogluten.png\" alt=\"desayunos sin gluten\" width=\"50\" height=\"50\" data-id=\"8950\" data-init-width=\"150\" data-init-height=\"150\" data-width=\"50\" data-height=\"50\" \/><\/p>\n<p style=\"text-align: center\">Glutenfreies Fr\u00fchst\u00fcck auf Anfrage<\/p>\n<p><img loading=\"lazy\" decoding=\"async\" title=\"taxisaeropuerto-icono\" src=\"https:\/\/www.hotelpraktikbakery.com\/wp-content\/uploads\/sites\/18\/2022\/11\/taxisaeropuerto-icono.png\" alt=\"taxi aeropuerto icono\" width=\"64\" height=\"46\" data-id=\"3665\" data-init-width=\"64\" data-init-height=\"46\" data-width=\"64\" data-height=\"46\" \/><\/p>\n<p style=\"text-align: center\">\u00a0Transfer zum Flughafen<\/p>\n<p><img loading=\"lazy\" decoding=\"async\" title=\"guardaequipaje\" src=\"https:\/\/www.hotelpraktikbakery.com\/wp-content\/uploads\/sites\/18\/guardaequipaje.png\" alt=\"icono guardaequipaje\" width=\"50\" height=\"50\" data-id=\"11992\" data-init-width=\"50\" data-init-height=\"50\" data-width=\"50\" \/><\/p>\n<p style=\"text-align: center\">Gep\u00e4cklagerung<\/p>\n<p><img loading=\"lazy\" decoding=\"async\" title=\"parking-icono\" src=\"https:\/\/www.hotelpraktikbakery.com\/wp-content\/uploads\/sites\/18\/2022\/11\/parking-icono.png\" alt=\"icono parking\" width=\"48\" height=\"48\" data-id=\"3663\" data-init-width=\"48\" data-init-height=\"48\" data-width=\"48\" data-height=\"48\" \/><\/p>\n<p style=\"text-align: center\">\u00a0 \u00d6ffentlicher Parkplatz 50 Meter vom Hotel entfernt<\/p>\n<p><img loading=\"lazy\" decoding=\"async\" title=\"accesibilidad-icon\" src=\"https:\/\/www.hotelpraktikbakery.com\/wp-content\/uploads\/sites\/18\/2022\/11\/accesibilidad-icon.png\" alt=\"accesibilidad\" width=\"51\" height=\"51\" data-id=\"4510\" data-init-width=\"50\" data-init-height=\"50\" data-width=\"51\" data-height=\"51\" \/><\/p>\n<p style=\"text-align: center\">\u00a0Zug\u00e4nglichkeit f\u00fcr Personen mit eingeschr\u00e4nkter Mobilit\u00e4t<\/p>\n<p><img loading=\"lazy\" decoding=\"async\" title=\"bascula-icono\" src=\"https:\/\/www.hotelpraktikbakery.com\/wp-content\/uploads\/sites\/18\/bascula-icono.png\" alt=\"\" width=\"51\" height=\"45\" data-id=\"12139\" data-init-width=\"45\" data-init-height=\"45\" data-width=\"51\" \/><\/p>\n<p style=\"text-align: center\">Kofferwaage<\/p>\n<p><img loading=\"lazy\" decoding=\"async\" title=\"kettle\" src=\"https:\/\/www.hotelpraktikbakery.com\/wp-content\/uploads\/sites\/18\/kettle-1.png\" alt=\"\" width=\"66\" height=\"293\" data-id=\"12398\" data-init-width=\"393\" data-init-height=\"293\" data-width=\"66\" \/><\/p>\n<p style=\"text-align: center\">Kettle<\/p>\n<p style=\"text-align: center\">We are Barcelona<\/p>\n<p style=\"text-align: center\">We are Barcelona<\/p>\n<p>We are Barcelona<\/p>\n","protected":false},"excerpt":{"rendered":"<p>Unsere Leistungen Die Praktik Bakery hat eine eigene B\u00e4ckerei namens &#8222;Baluard&#8220;. Wir verf\u00fcgen \u00fcber ein k\u00f6stliches \u201eBaluard\u201c-Fr\u00fchst\u00fcck, ein Buffet mit frischen Produkten aus unserer B\u00e4ckerei. Sie finden eine gro\u00dfe Auswahl an verschiedenen Brotsorten, die in unserer Werkstatt geknetet werden, verschiedene ofenfrische Mehlspeisen, regionale Wurstwaren, Marmelade, Butter, M\u00fcsli, Joghurt, verschiedene Toppings und hartgekochte Eier. Dar\u00fcber hinaus, [&hellip;]<\/p>\n","protected":false},"author":1,"featured_media":11972,"parent":7570,"menu_order":0,"comment_status":"closed","ping_status":"closed","template":"","meta":{"inline_featured_image":false,"footnotes":""},"class_list":["post-7692","page","type-page","status-publish","has-post-thumbnail","hentry","post-wrapper","thrv_wrapper"],"yoast_head":"<!-- This site is optimized with the Yoast SEO plugin v23.2 - https:\/\/yoast.com\/wordpress\/plugins\/seo\/ -->\n<title>Dienstleistungen - Hotel Praktik Bakery<\/title>\n<meta name=\"description\" content=\"Finde im Hotel Praktik Bakery alle Dienstleistungen, die du f\u00fcr einen Aufenthalt in der Stadt genau nach deinen W\u00fcnschen ben\u00f6tigst. Buche jetzt!\" \/>\n<meta name=\"robots\" content=\"index, follow, max-snippet:-1, max-image-preview:large, max-video-preview:-1\" \/>\n<link rel=\"canonical\" href=\"https:\/\/www.hotelpraktikbakery.com\/de\/hotel-barcelona\/service\/\" \/>\n<meta property=\"og:locale\" content=\"de_DE\" \/>\n<meta property=\"og:type\" content=\"article\" \/>\n<meta property=\"og:title\" content=\"Dienstleistungen - Hotel Praktik Bakery\" \/>\n<meta property=\"og:description\" content=\"Finde im Hotel Praktik Bakery alle Dienstleistungen, die du f\u00fcr einen Aufenthalt in der Stadt genau nach deinen W\u00fcnschen ben\u00f6tigst. Buche jetzt!\" \/>\n<meta property=\"og:url\" content=\"https:\/\/www.hotelpraktikbakery.com\/de\/hotel-barcelona\/service\/\" \/>\n<meta property=\"og:site_name\" content=\"Hotel Praktik Bakery\" \/>\n<meta property=\"article:publisher\" content=\"https:\/\/www.facebook.com\/praktikhotels\/\" \/>\n<meta property=\"article:modified_time\" content=\"2023-11-21T09:17:06+00:00\" \/>\n<meta property=\"og:image\" content=\"https:\/\/www.hotelpraktikbakery.com\/wp-content\/uploads\/sites\/18\/2022\/11\/wifi-icono.png\" \/>\n<meta name=\"twitter:card\" content=\"summary_large_image\" \/>\n<meta name=\"twitter:title\" content=\"Dienstleistungen - Hotel Praktik Bakery\" \/>\n<meta name=\"twitter:description\" content=\"Finde im Hotel Praktik Bakery alle Dienstleistungen, die du f\u00fcr einen Aufenthalt in der Stadt genau nach deinen W\u00fcnschen ben\u00f6tigst. Buche jetzt!\" \/>\n<meta name=\"twitter:site\" content=\"@praktikhotels\" \/>\n<meta name=\"twitter:label1\" content=\"Gesch\u00e4tzte Lesezeit\" \/>\n\t<meta name=\"twitter:data1\" content=\"4\u00a0Minuten\" \/>\n<script type=\"application\/ld+json\" class=\"yoast-schema-graph\">{\"@context\":\"https:\/\/schema.org\",\"@graph\":[{\"@type\":\"Article\",\"@id\":\"https:\/\/www.hotelpraktikbakery.com\/de\/hotel-barcelona\/service\/#article\",\"isPartOf\":{\"@id\":\"https:\/\/www.hotelpraktikbakery.com\/de\/hotel-barcelona\/service\/\"},\"author\":{\"name\":\"praktkmaster\",\"@id\":\"\/#\/schema\/person\/4015c3b656759440a8291536b481326d\"},\"headline\":\"Service\",\"datePublished\":\"2022-11-07T09:19:07+00:00\",\"dateModified\":\"2023-11-21T09:17:06+00:00\",\"mainEntityOfPage\":{\"@id\":\"https:\/\/www.hotelpraktikbakery.com\/de\/hotel-barcelona\/service\/\"},\"wordCount\":142,\"publisher\":{\"@id\":\"\/#organization\"},\"image\":{\"@id\":\"https:\/\/www.hotelpraktikbakery.com\/de\/hotel-barcelona\/service\/#primaryimage\"},\"thumbnailUrl\":\"https:\/\/www.hotelpraktikbakery.com\/wp-content\/uploads\/sites\/18\/HOTEL-PRAKTIK-BAKERY-HOME-1.jpg\",\"inLanguage\":\"de\"},{\"@type\":\"WebPage\",\"@id\":\"https:\/\/www.hotelpraktikbakery.com\/de\/hotel-barcelona\/service\/\",\"url\":\"https:\/\/www.hotelpraktikbakery.com\/de\/hotel-barcelona\/service\/\",\"name\":\"Dienstleistungen - Hotel Praktik Bakery\",\"isPartOf\":{\"@id\":\"\/#website\"},\"primaryImageOfPage\":{\"@id\":\"https:\/\/www.hotelpraktikbakery.com\/de\/hotel-barcelona\/service\/#primaryimage\"},\"image\":{\"@id\":\"https:\/\/www.hotelpraktikbakery.com\/de\/hotel-barcelona\/service\/#primaryimage\"},\"thumbnailUrl\":\"https:\/\/www.hotelpraktikbakery.com\/wp-content\/uploads\/sites\/18\/HOTEL-PRAKTIK-BAKERY-HOME-1.jpg\",\"datePublished\":\"2022-11-07T09:19:07+00:00\",\"dateModified\":\"2023-11-21T09:17:06+00:00\",\"description\":\"Finde im Hotel Praktik Bakery alle Dienstleistungen, die du f\u00fcr einen Aufenthalt in der Stadt genau nach deinen W\u00fcnschen ben\u00f6tigst. Buche jetzt!\",\"breadcrumb\":{\"@id\":\"https:\/\/www.hotelpraktikbakery.com\/de\/hotel-barcelona\/service\/#breadcrumb\"},\"inLanguage\":\"de\",\"potentialAction\":[{\"@type\":\"ReadAction\",\"target\":[\"https:\/\/www.hotelpraktikbakery.com\/de\/hotel-barcelona\/service\/\"]}]},{\"@type\":\"ImageObject\",\"inLanguage\":\"de\",\"@id\":\"https:\/\/www.hotelpraktikbakery.com\/de\/hotel-barcelona\/service\/#primaryimage\",\"url\":\"https:\/\/www.hotelpraktikbakery.com\/wp-content\/uploads\/sites\/18\/HOTEL-PRAKTIK-BAKERY-HOME-1.jpg\",\"contentUrl\":\"https:\/\/www.hotelpraktikbakery.com\/wp-content\/uploads\/sites\/18\/HOTEL-PRAKTIK-BAKERY-HOME-1.jpg\",\"width\":2048,\"height\":1365,\"caption\":\"HOTEL-PRAKTIK-BAKERY-HOME\"},{\"@type\":\"BreadcrumbList\",\"@id\":\"https:\/\/www.hotelpraktikbakery.com\/de\/hotel-barcelona\/service\/#breadcrumb\",\"itemListElement\":[{\"@type\":\"ListItem\",\"position\":1,\"name\":\"Portada\",\"item\":\"https:\/\/www.hotelpraktikbakery.com\/de\/\"},{\"@type\":\"ListItem\",\"position\":2,\"name\":\"Hotel Barcelona\",\"item\":\"https:\/\/www.hotelpraktikbakery.com\/de\/\"},{\"@type\":\"ListItem\",\"position\":3,\"name\":\"Service\"}]},{\"@type\":\"WebSite\",\"@id\":\"\/#website\",\"url\":\"\/\",\"name\":\"Hotel Praktik Bakery\",\"description\":\"Primer hotel-panader\u00eda del mundo\",\"publisher\":{\"@id\":\"\/#organization\"},\"potentialAction\":[{\"@type\":\"SearchAction\",\"target\":{\"@type\":\"EntryPoint\",\"urlTemplate\":\"\/?s={search_term_string}\"},\"query-input\":\"required name=search_term_string\"}],\"inLanguage\":\"de\"},{\"@type\":\"Organization\",\"@id\":\"\/#organization\",\"name\":\"Hotel Praktik Bakery\",\"url\":\"\/\",\"logo\":{\"@type\":\"ImageObject\",\"inLanguage\":\"de\",\"@id\":\"\/#\/schema\/logo\/image\/\",\"url\":\"https:\/\/www.hotelpraktikbakery.com\/wp-content\/uploads\/sites\/18\/PraktikBakery-logo.png\",\"contentUrl\":\"https:\/\/www.hotelpraktikbakery.com\/wp-content\/uploads\/sites\/18\/PraktikBakery-logo.png\",\"width\":360,\"height\":34,\"caption\":\"Hotel Praktik Bakery\"},\"image\":{\"@id\":\"\/#\/schema\/logo\/image\/\"},\"sameAs\":[\"https:\/\/www.facebook.com\/praktikhotels\/\",\"https:\/\/x.com\/praktikhotels\",\"https:\/\/www.instagram.com\/praktikhotels\/\"]},{\"@type\":\"Person\",\"@id\":\"\/#\/schema\/person\/4015c3b656759440a8291536b481326d\",\"name\":\"praktkmaster\",\"image\":{\"@type\":\"ImageObject\",\"inLanguage\":\"de\",\"@id\":\"\/#\/schema\/person\/image\/\",\"url\":\"https:\/\/secure.gravatar.com\/avatar\/29d735a18eaffe4d58415575700d4e8f?s=96&d=mm&r=g\",\"contentUrl\":\"https:\/\/secure.gravatar.com\/avatar\/29d735a18eaffe4d58415575700d4e8f?s=96&d=mm&r=g\",\"caption\":\"praktkmaster\"},\"sameAs\":[\"http:\/\/praktikdev.rkinnova.com\"]}]}<\/script>\n<!-- \/ Yoast SEO plugin. -->","yoast_head_json":{"title":"Dienstleistungen - Hotel Praktik Bakery","description":"Finde im Hotel Praktik Bakery alle Dienstleistungen, die du f\u00fcr einen Aufenthalt in der Stadt genau nach deinen W\u00fcnschen ben\u00f6tigst. Buche jetzt!","robots":{"index":"index","follow":"follow","max-snippet":"max-snippet:-1","max-image-preview":"max-image-preview:large","max-video-preview":"max-video-preview:-1"},"canonical":"https:\/\/www.hotelpraktikbakery.com\/de\/hotel-barcelona\/service\/","og_locale":"de_DE","og_type":"article","og_title":"Dienstleistungen - Hotel Praktik Bakery","og_description":"Finde im Hotel Praktik Bakery alle Dienstleistungen, die du f\u00fcr einen Aufenthalt in der Stadt genau nach deinen W\u00fcnschen ben\u00f6tigst. Buche jetzt!","og_url":"https:\/\/www.hotelpraktikbakery.com\/de\/hotel-barcelona\/service\/","og_site_name":"Hotel Praktik Bakery","article_publisher":"https:\/\/www.facebook.com\/praktikhotels\/","article_modified_time":"2023-11-21T09:17:06+00:00","og_image":[{"url":"https:\/\/www.hotelpraktikbakery.com\/wp-content\/uploads\/sites\/18\/2022\/11\/wifi-icono.png"}],"twitter_card":"summary_large_image","twitter_title":"Dienstleistungen - Hotel Praktik Bakery","twitter_description":"Finde im Hotel Praktik Bakery alle Dienstleistungen, die du f\u00fcr einen Aufenthalt in der Stadt genau nach deinen W\u00fcnschen ben\u00f6tigst. Buche jetzt!","twitter_site":"@praktikhotels","twitter_misc":{"Gesch\u00e4tzte Lesezeit":"4\u00a0Minuten"},"schema":{"@context":"https:\/\/schema.org","@graph":[{"@type":"Article","@id":"https:\/\/www.hotelpraktikbakery.com\/de\/hotel-barcelona\/service\/#article","isPartOf":{"@id":"https:\/\/www.hotelpraktikbakery.com\/de\/hotel-barcelona\/service\/"},"author":{"name":"praktkmaster","@id":"\/#\/schema\/person\/4015c3b656759440a8291536b481326d"},"headline":"Service","datePublished":"2022-11-07T09:19:07+00:00","dateModified":"2023-11-21T09:17:06+00:00","mainEntityOfPage":{"@id":"https:\/\/www.hotelpraktikbakery.com\/de\/hotel-barcelona\/service\/"},"wordCount":142,"publisher":{"@id":"\/#organization"},"image":{"@id":"https:\/\/www.hotelpraktikbakery.com\/de\/hotel-barcelona\/service\/#primaryimage"},"thumbnailUrl":"https:\/\/www.hotelpraktikbakery.com\/wp-content\/uploads\/sites\/18\/HOTEL-PRAKTIK-BAKERY-HOME-1.jpg","inLanguage":"de"},{"@type":"WebPage","@id":"https:\/\/www.hotelpraktikbakery.com\/de\/hotel-barcelona\/service\/","url":"https:\/\/www.hotelpraktikbakery.com\/de\/hotel-barcelona\/service\/","name":"Dienstleistungen - Hotel Praktik Bakery","isPartOf":{"@id":"\/#website"},"primaryImageOfPage":{"@id":"https:\/\/www.hotelpraktikbakery.com\/de\/hotel-barcelona\/service\/#primaryimage"},"image":{"@id":"https:\/\/www.hotelpraktikbakery.com\/de\/hotel-barcelona\/service\/#primaryimage"},"thumbnailUrl":"https:\/\/www.hotelpraktikbakery.com\/wp-content\/uploads\/sites\/18\/HOTEL-PRAKTIK-BAKERY-HOME-1.jpg","datePublished":"2022-11-07T09:19:07+00:00","dateModified":"2023-11-21T09:17:06+00:00","description":"Finde im Hotel Praktik Bakery alle Dienstleistungen, die du f\u00fcr einen Aufenthalt in der Stadt genau nach deinen W\u00fcnschen ben\u00f6tigst. Buche jetzt!","breadcrumb":{"@id":"https:\/\/www.hotelpraktikbakery.com\/de\/hotel-barcelona\/service\/#breadcrumb"},"inLanguage":"de","potentialAction":[{"@type":"ReadAction","target":["https:\/\/www.hotelpraktikbakery.com\/de\/hotel-barcelona\/service\/"]}]},{"@type":"ImageObject","inLanguage":"de","@id":"https:\/\/www.hotelpraktikbakery.com\/de\/hotel-barcelona\/service\/#primaryimage","url":"https:\/\/www.hotelpraktikbakery.com\/wp-content\/uploads\/sites\/18\/HOTEL-PRAKTIK-BAKERY-HOME-1.jpg","contentUrl":"https:\/\/www.hotelpraktikbakery.com\/wp-content\/uploads\/sites\/18\/HOTEL-PRAKTIK-BAKERY-HOME-1.jpg","width":2048,"height":1365,"caption":"HOTEL-PRAKTIK-BAKERY-HOME"},{"@type":"BreadcrumbList","@id":"https:\/\/www.hotelpraktikbakery.com\/de\/hotel-barcelona\/service\/#breadcrumb","itemListElement":[{"@type":"ListItem","position":1,"name":"Portada","item":"https:\/\/www.hotelpraktikbakery.com\/de\/"},{"@type":"ListItem","position":2,"name":"Hotel Barcelona","item":"https:\/\/www.hotelpraktikbakery.com\/de\/"},{"@type":"ListItem","position":3,"name":"Service"}]},{"@type":"WebSite","@id":"\/#website","url":"\/","name":"Hotel Praktik Bakery","description":"Primer hotel-panader\u00eda del mundo","publisher":{"@id":"\/#organization"},"potentialAction":[{"@type":"SearchAction","target":{"@type":"EntryPoint","urlTemplate":"\/?s={search_term_string}"},"query-input":"required name=search_term_string"}],"inLanguage":"de"},{"@type":"Organization","@id":"\/#organization","name":"Hotel Praktik Bakery","url":"\/","logo":{"@type":"ImageObject","inLanguage":"de","@id":"\/#\/schema\/logo\/image\/","url":"https:\/\/www.hotelpraktikbakery.com\/wp-content\/uploads\/sites\/18\/PraktikBakery-logo.png","contentUrl":"https:\/\/www.hotelpraktikbakery.com\/wp-content\/uploads\/sites\/18\/PraktikBakery-logo.png","width":360,"height":34,"caption":"Hotel Praktik Bakery"},"image":{"@id":"\/#\/schema\/logo\/image\/"},"sameAs":["https:\/\/www.facebook.com\/praktikhotels\/","https:\/\/x.com\/praktikhotels","https:\/\/www.instagram.com\/praktikhotels\/"]},{"@type":"Person","@id":"\/#\/schema\/person\/4015c3b656759440a8291536b481326d","name":"praktkmaster","image":{"@type":"ImageObject","inLanguage":"de","@id":"\/#\/schema\/person\/image\/","url":"https:\/\/secure.gravatar.com\/avatar\/29d735a18eaffe4d58415575700d4e8f?s=96&d=mm&r=g","contentUrl":"https:\/\/secure.gravatar.com\/avatar\/29d735a18eaffe4d58415575700d4e8f?s=96&d=mm&r=g","caption":"praktkmaster"},"sameAs":["http:\/\/praktikdev.rkinnova.com"]}]}},"_links":{"self":[{"href":"https:\/\/www.hotelpraktikbakery.com\/de\/wp-json\/wp\/v2\/pages\/7692"}],"collection":[{"href":"https:\/\/www.hotelpraktikbakery.com\/de\/wp-json\/wp\/v2\/pages"}],"about":[{"href":"https:\/\/www.hotelpraktikbakery.com\/de\/wp-json\/wp\/v2\/types\/page"}],"author":[{"embeddable":true,"href":"https:\/\/www.hotelpraktikbakery.com\/de\/wp-json\/wp\/v2\/users\/1"}],"replies":[{"embeddable":true,"href":"https:\/\/www.hotelpraktikbakery.com\/de\/wp-json\/wp\/v2\/comments?post=7692"}],"version-history":[{"count":1,"href":"https:\/\/www.hotelpraktikbakery.com\/de\/wp-json\/wp\/v2\/pages\/7692\/revisions"}],"predecessor-version":[{"id":13639,"href":"https:\/\/www.hotelpraktikbakery.com\/de\/wp-json\/wp\/v2\/pages\/7692\/revisions\/13639"}],"up":[{"embeddable":true,"href":"https:\/\/www.hotelpraktikbakery.com\/de\/wp-json\/wp\/v2\/pages\/7570"}],"wp:featuredmedia":[{"embeddable":true,"href":"https:\/\/www.hotelpraktikbakery.com\/de\/wp-json\/wp\/v2\/media\/11972"}],"wp:attachment":[{"href":"https:\/\/www.hotelpraktikbakery.com\/de\/wp-json\/wp\/v2\/media?parent=7692"}],"curies":[{"name":"wp","href":"https:\/\/api.w.org\/{rel}","templated":true}]}}