{"id":7656,"date":"2022-11-04T13:47:17","date_gmt":"2022-11-04T13:47:17","guid":{"rendered":"https:\/\/www.hotelpraktikbakery.com\/?page_id=7656"},"modified":"2023-11-21T10:11:41","modified_gmt":"2023-11-21T10:11:41","slug":"privacy-policy","status":"publish","type":"page","link":"https:\/\/www.hotelpraktikbakery.com\/en\/privacy-policy\/","title":{"rendered":"Privacy Policy"},"content":{"rendered":"<h1 style=\"text-align: center\">\u00a0<\/h1>\r\n<p><\/p>\r\n<h5 class=\"wp-block-heading\">1.- \u00bfQui\u00e9n es el Responsable del tratamiento de los datos personales de los Usuarios web?<\/h5>\r\n<p>Denominaci\u00f3n Social:\u00a0HOTEL PROVEN\u00c7A 279, S.L.\u00a0(en adelante, \u201cPraktik Hotels\u201d)Domicilio Social: C\/Pedro i Pons 9-11, 4\u00ba 1\u00aa, CP 08034 de BarcelonaCIF: B65799082Tel\u00e9fono: (+34) 321 93 41 \/ (+34) 93 363 27 60Direcci\u00f3n electr\u00f3nica:\u00a0protecciondedatos@praktikhotels.comInscrita en el Registro Mercantil de Barcelona: Tomo: 43282, Folio: 223 y Hoja numero: B-428002<\/p>\r\n<h5>2.- \u00bfCon qu\u00e9 finalidad se tratan los datos personales de los Usuarios web?<\/h5>\r\n<p>Con el fin de poder gestionar las solicitudes de los Usuarios web que se pongan en contacto con Praktik Hotels a trav\u00e9s de esta web. Para poder enviarles correos comerciales sobre los hoteles del grupo empresarial PRAKTIK HOTELS.<\/p>\r\n<h5>3.- \u00bfPor cu\u00e1nto tiempo conservar\u00e1 Praktik Hotels los datos personales de los Usuarios web?<\/h5>\r\n<p>Sus datos personales se conservar\u00e1n durante cinco a\u00f1os.<\/p>\r\n<h5>4.- \u00bfCu\u00e1l es la legitimaci\u00f3n para el tratamiento de los datos personales de los Usuarios web?<\/h5>\r\n<p>La base legal para el tratamiento de los datos de los Usuarios web es el previo consentimiento de estos otorgado mediante la aceptaci\u00f3n de esta Pol\u00edtica de Privacidad.<\/p>\r\n<h5>5.- \u00bfA qu\u00e9 destinatarios se comunicar\u00e1n sus datos?<\/h5>\r\n<p>Los datos personales de los Usuarios web ser\u00e1n comunicados a los hoteles del grupo empresarial PRAKTIK HOTELS en base a nuestro inter\u00e9s leg\u00edtimo y con la finalidad de poder prestarle un mejor servicio. En cualquier caso, no ser\u00e1n transferidos internacionalmente, salvo obligaci\u00f3n legal.<\/p>\r\n<h5>6.- \u00bfCu\u00e1les son los derechos de los Usuarios web sobre sus datos personales?<\/h5>\r\n<p>Praktik Hotels garantiza en todo caso a los Usuarios web el ejercicio de sus derechos y que consisten en:<\/p>\r\n<ul>\r\n<li>Cualquier persona tiene derecho a obtener confirmaci\u00f3n sobre si en el Praktik Hotels estamos tratando datos personales suyos o no.<\/li>\r\n<li>Las personas interesadas tienen derecho tambi\u00e9n a acceder a sus datos personales, as\u00ed como a solicitar la rectificaci\u00f3n de los datos inexactos o, en su caso, solicitar su supresi\u00f3n cuando, entre otros motivos, los datos ya no sean necesarios para los fines que fueron recogidos.<\/li>\r\n<li>En determinadas circunstancias, los interesados podr\u00e1n solicitar la limitaci\u00f3n del tratamiento de sus datos, en cuyo caso \u00fanicamente los conservaremos para el ejercicio o la defensa de reclamaciones.<\/li>\r\n<li>En determinadas circunstancias y por motivos relacionados con su situaci\u00f3n particular, los interesados podr\u00e1n oponerse al tratamiento de sus datos. Praktik Hotels dejar\u00e1 de tratar los datos, salvo por motivos leg\u00edtimos imperiosos, o el ejercicio o la defensa de posibles reclamaciones.<\/li>\r\n<li>Los Usuarios web tambi\u00e9n tienen derecho a la portabilidad de sus datos a otras empresas, siempre que as\u00ed lo soliciten expresamente y t\u00e9cnicamente sea posible hacerlo y a no ser objeto de decisiones individualizadas automatizadas (incluida la elaboraci\u00f3n de perfiles).<\/li>\r\n<\/ul>\r\n<p>El Usuario web podr\u00e1 ejercer sus derechos remitiendo una solicitud expresa, a trav\u00e9s de cualquiera de los siguientes medios:Correo electr\u00f3nico: protecciondedatos@praktikhotels.coml Correo postal: C\/Pedro i Pons 9-11, CP 08034 de Barcelona Asimismo, se informa a los Usuarios web que tienen\u00a0derecho a retirar su consentimiento\u00a0en cualquier momento, sin que ello afecte a la licitud del tratamiento basado en el consentimiento previo a su retirada y que\u00a0pueden presentar una reclamaci\u00f3n ante la Agencia Espa\u00f1ola de Protecci\u00f3n de Datos, especialmente cuando no haya obtenido satisfacci\u00f3n en el ejercicio de sus derechos. Todos los datos de contacto y tr\u00e1mites ante la Agencia Espa\u00f1ola de Protecci\u00f3n de Datos podr\u00e1n encontrarlos a trav\u00e9s de la p\u00e1gina web:\u00a0https:\/\/www.agpd.es<\/p>\r\n<h5>7.- \u00bfC\u00f3mo hemos obtenido los datos personales de los Usuarios web?<\/h5>\r\n<p>Praktik Hotels, ha obtenido los datos de los Usuarios web por el contacto del propio Usuario web con el Praktik Hotels a trav\u00e9s del tel\u00e9fono y\/o correo electr\u00f3nico que aparecen en la p\u00e1gina web del hotel.<\/p>\r\n<h5>8.- Categor\u00edas de datos personales tratados<\/h5>\r\n<p>Los datos personales a los que Praktik Hotels tiene acceso son los siguientes:<\/p>\r\n<ul>\r\n<li>Datos de identificaci\u00f3n<\/li>\r\n<li>Direcciones postales o electr\u00f3nicas<\/li>\r\n<li>No se tratan datos especialmente protegidos o de categor\u00edas especiales.<\/li>\r\n<\/ul>\r\n<h5>9.- Normativa aplicable<\/h5>\r\n<p>Praktik Hotels tratar\u00e1 los datos de conformidad con:<\/p>\r\n<ul>\r\n<li>El Reglamento (UE) 2016\/679 del Parlamento Europeo y del Consejo, de 27 de abril de 2016, relativo a la protecci\u00f3n de las personas f\u00edsicas en lo que respecta al tratamiento de sus datos personales y a la libre circulaci\u00f3n de estos datos (RGPD)<\/li>\r\n<li>La Ley Org\u00e1nica 15\/1999, de 13 de diciembre de Protecci\u00f3n de Datos de Car\u00e1cter Personal (LOPD).<\/li>\r\n<\/ul>\r\n<h5>10.- Consulta<\/h5>\r\n<p>Si tiene cualquier duda o comentario sobre la forma en que Praktik Hotels utiliza los datos de los Usuarios web, escr\u00edbanos a\u00a0protecciondedatos@praktikhotels.com<\/p>\r\n<p>&nbsp;<\/p>\r\n<p><\/p>","protected":false},"excerpt":{"rendered":"<p>\u00a0 1.- \u00bfQui\u00e9n es el Responsable del tratamiento de los datos personales de los Usuarios web? Denominaci\u00f3n Social:\u00a0HOTEL PROVEN\u00c7A 279, S.L.\u00a0(en adelante, \u201cPraktik Hotels\u201d)Domicilio Social: C\/Pedro i Pons 9-11, 4\u00ba 1\u00aa, CP 08034 de BarcelonaCIF: B65799082Tel\u00e9fono: (+34) 321 93 41 \/ (+34) 93 363 27 60Direcci\u00f3n electr\u00f3nica:\u00a0protecciondedatos@praktikhotels.comInscrita en el Registro Mercantil de Barcelona: Tomo: 43282, [&hellip;]<\/p>\n","protected":false},"author":1,"featured_media":6683,"parent":0,"menu_order":0,"comment_status":"closed","ping_status":"closed","template":"","meta":{"inline_featured_image":false,"footnotes":""},"class_list":["post-7656","page","type-page","status-publish","has-post-thumbnail","hentry","post-wrapper","thrv_wrapper"],"yoast_head":"<!-- This site is optimized with the Yoast SEO plugin v23.2 - https:\/\/yoast.com\/wordpress\/plugins\/seo\/ -->\n<title>Privacy Policy - Hotel Praktik Bakery<\/title>\n<meta name=\"description\" content=\"On this page, you can find our Privacy Policy, corresponding to the best practices of the data we store from users.\" \/>\n<meta name=\"robots\" content=\"index, follow, max-snippet:-1, max-image-preview:large, max-video-preview:-1\" \/>\n<link rel=\"canonical\" href=\"https:\/\/www.hotelpraktikbakery.com\/en\/privacy-policy\/\" \/>\n<meta property=\"og:locale\" content=\"en_US\" \/>\n<meta property=\"og:type\" content=\"article\" \/>\n<meta property=\"og:title\" content=\"Privacy Policy - Hotel Praktik Bakery\" \/>\n<meta property=\"og:description\" content=\"On this page, you can find our Privacy Policy, corresponding to the best practices of the data we store from users.\" \/>\n<meta property=\"og:url\" content=\"https:\/\/www.hotelpraktikbakery.com\/en\/privacy-policy\/\" \/>\n<meta property=\"og:site_name\" content=\"Hotel Praktik Bakery\" \/>\n<meta property=\"article:publisher\" content=\"https:\/\/www.facebook.com\/praktikhotels\/\" \/>\n<meta property=\"article:modified_time\" content=\"2023-11-21T10:11:41+00:00\" \/>\n<meta property=\"og:image\" content=\"https:\/\/www.hotelpraktikbakery.com\/wp-content\/uploads\/sites\/18\/2022\/11\/header_about.jpg\" \/>\n\t<meta property=\"og:image:width\" content=\"1920\" \/>\n\t<meta property=\"og:image:height\" content=\"439\" \/>\n\t<meta property=\"og:image:type\" content=\"image\/jpeg\" \/>\n<meta name=\"twitter:card\" content=\"summary_large_image\" \/>\n<meta name=\"twitter:title\" content=\"Privacy Policy - Hotel Praktik Bakery\" \/>\n<meta name=\"twitter:description\" content=\"On this page, you can find our Privacy Policy, corresponding to the best practices of the data we store from users.\" \/>\n<meta name=\"twitter:site\" content=\"@praktikhotels\" \/>\n<meta name=\"twitter:label1\" content=\"Est. reading time\" \/>\n\t<meta name=\"twitter:data1\" content=\"4 minutes\" \/>\n<script type=\"application\/ld+json\" class=\"yoast-schema-graph\">{\"@context\":\"https:\/\/schema.org\",\"@graph\":[{\"@type\":\"Article\",\"@id\":\"https:\/\/www.hotelpraktikbakery.com\/en\/privacy-policy\/#article\",\"isPartOf\":{\"@id\":\"https:\/\/www.hotelpraktikbakery.com\/en\/privacy-policy\/\"},\"author\":{\"name\":\"praktkmaster\",\"@id\":\"\/#\/schema\/person\/4015c3b656759440a8291536b481326d\"},\"headline\":\"Privacy Policy\",\"datePublished\":\"2022-11-04T13:47:17+00:00\",\"dateModified\":\"2023-11-21T10:11:41+00:00\",\"mainEntityOfPage\":{\"@id\":\"https:\/\/www.hotelpraktikbakery.com\/en\/privacy-policy\/\"},\"wordCount\":789,\"publisher\":{\"@id\":\"\/#organization\"},\"image\":{\"@id\":\"https:\/\/www.hotelpraktikbakery.com\/en\/privacy-policy\/#primaryimage\"},\"thumbnailUrl\":\"https:\/\/www.hotelpraktikbakery.com\/wp-content\/uploads\/sites\/18\/2022\/11\/header_about.jpg\",\"inLanguage\":\"en-US\"},{\"@type\":\"WebPage\",\"@id\":\"https:\/\/www.hotelpraktikbakery.com\/en\/privacy-policy\/\",\"url\":\"https:\/\/www.hotelpraktikbakery.com\/en\/privacy-policy\/\",\"name\":\"Privacy Policy - Hotel Praktik Bakery\",\"isPartOf\":{\"@id\":\"\/#website\"},\"primaryImageOfPage\":{\"@id\":\"https:\/\/www.hotelpraktikbakery.com\/en\/privacy-policy\/#primaryimage\"},\"image\":{\"@id\":\"https:\/\/www.hotelpraktikbakery.com\/en\/privacy-policy\/#primaryimage\"},\"thumbnailUrl\":\"https:\/\/www.hotelpraktikbakery.com\/wp-content\/uploads\/sites\/18\/2022\/11\/header_about.jpg\",\"datePublished\":\"2022-11-04T13:47:17+00:00\",\"dateModified\":\"2023-11-21T10:11:41+00:00\",\"description\":\"On this page, you can find our Privacy Policy, corresponding to the best practices of the data we store from users.\",\"breadcrumb\":{\"@id\":\"https:\/\/www.hotelpraktikbakery.com\/en\/privacy-policy\/#breadcrumb\"},\"inLanguage\":\"en-US\",\"potentialAction\":[{\"@type\":\"ReadAction\",\"target\":[\"https:\/\/www.hotelpraktikbakery.com\/en\/privacy-policy\/\"]}]},{\"@type\":\"ImageObject\",\"inLanguage\":\"en-US\",\"@id\":\"https:\/\/www.hotelpraktikbakery.com\/en\/privacy-policy\/#primaryimage\",\"url\":\"https:\/\/www.hotelpraktikbakery.com\/wp-content\/uploads\/sites\/18\/2022\/11\/header_about.jpg\",\"contentUrl\":\"https:\/\/www.hotelpraktikbakery.com\/wp-content\/uploads\/sites\/18\/2022\/11\/header_about.jpg\",\"width\":1920,\"height\":439,\"caption\":\"plants in the Hotel Praktik Rambla\"},{\"@type\":\"BreadcrumbList\",\"@id\":\"https:\/\/www.hotelpraktikbakery.com\/en\/privacy-policy\/#breadcrumb\",\"itemListElement\":[{\"@type\":\"ListItem\",\"position\":1,\"name\":\"Portada\",\"item\":\"https:\/\/www.hotelpraktikbakery.com\/en\/\"},{\"@type\":\"ListItem\",\"position\":2,\"name\":\"Privacy Policy\"}]},{\"@type\":\"WebSite\",\"@id\":\"\/#website\",\"url\":\"\/\",\"name\":\"Hotel Praktik Bakery\",\"description\":\"Primer hotel-panader\u00eda del mundo\",\"publisher\":{\"@id\":\"\/#organization\"},\"potentialAction\":[{\"@type\":\"SearchAction\",\"target\":{\"@type\":\"EntryPoint\",\"urlTemplate\":\"\/?s={search_term_string}\"},\"query-input\":\"required name=search_term_string\"}],\"inLanguage\":\"en-US\"},{\"@type\":\"Organization\",\"@id\":\"\/#organization\",\"name\":\"Hotel Praktik Bakery\",\"url\":\"\/\",\"logo\":{\"@type\":\"ImageObject\",\"inLanguage\":\"en-US\",\"@id\":\"\/#\/schema\/logo\/image\/\",\"url\":\"https:\/\/www.hotelpraktikbakery.com\/wp-content\/uploads\/sites\/18\/PraktikBakery-logo.png\",\"contentUrl\":\"https:\/\/www.hotelpraktikbakery.com\/wp-content\/uploads\/sites\/18\/PraktikBakery-logo.png\",\"width\":360,\"height\":34,\"caption\":\"Hotel Praktik Bakery\"},\"image\":{\"@id\":\"\/#\/schema\/logo\/image\/\"},\"sameAs\":[\"https:\/\/www.facebook.com\/praktikhotels\/\",\"https:\/\/x.com\/praktikhotels\",\"https:\/\/www.instagram.com\/praktikhotels\/\"]},{\"@type\":\"Person\",\"@id\":\"\/#\/schema\/person\/4015c3b656759440a8291536b481326d\",\"name\":\"praktkmaster\",\"image\":{\"@type\":\"ImageObject\",\"inLanguage\":\"en-US\",\"@id\":\"\/#\/schema\/person\/image\/\",\"url\":\"https:\/\/secure.gravatar.com\/avatar\/29d735a18eaffe4d58415575700d4e8f?s=96&d=mm&r=g\",\"contentUrl\":\"https:\/\/secure.gravatar.com\/avatar\/29d735a18eaffe4d58415575700d4e8f?s=96&d=mm&r=g\",\"caption\":\"praktkmaster\"},\"sameAs\":[\"http:\/\/praktikdev.rkinnova.com\"]}]}<\/script>\n<!-- \/ Yoast SEO plugin. -->","yoast_head_json":{"title":"Privacy Policy - Hotel Praktik Bakery","description":"On this page, you can find our Privacy Policy, corresponding to the best practices of the data we store from users.","robots":{"index":"index","follow":"follow","max-snippet":"max-snippet:-1","max-image-preview":"max-image-preview:large","max-video-preview":"max-video-preview:-1"},"canonical":"https:\/\/www.hotelpraktikbakery.com\/en\/privacy-policy\/","og_locale":"en_US","og_type":"article","og_title":"Privacy Policy - Hotel Praktik Bakery","og_description":"On this page, you can find our Privacy Policy, corresponding to the best practices of the data we store from users.","og_url":"https:\/\/www.hotelpraktikbakery.com\/en\/privacy-policy\/","og_site_name":"Hotel Praktik Bakery","article_publisher":"https:\/\/www.facebook.com\/praktikhotels\/","article_modified_time":"2023-11-21T10:11:41+00:00","og_image":[{"width":1920,"height":439,"url":"https:\/\/www.hotelpraktikbakery.com\/wp-content\/uploads\/sites\/18\/2022\/11\/header_about.jpg","type":"image\/jpeg"}],"twitter_card":"summary_large_image","twitter_title":"Privacy Policy - Hotel Praktik Bakery","twitter_description":"On this page, you can find our Privacy Policy, corresponding to the best practices of the data we store from users.","twitter_site":"@praktikhotels","twitter_misc":{"Est. reading time":"4 minutes"},"schema":{"@context":"https:\/\/schema.org","@graph":[{"@type":"Article","@id":"https:\/\/www.hotelpraktikbakery.com\/en\/privacy-policy\/#article","isPartOf":{"@id":"https:\/\/www.hotelpraktikbakery.com\/en\/privacy-policy\/"},"author":{"name":"praktkmaster","@id":"\/#\/schema\/person\/4015c3b656759440a8291536b481326d"},"headline":"Privacy Policy","datePublished":"2022-11-04T13:47:17+00:00","dateModified":"2023-11-21T10:11:41+00:00","mainEntityOfPage":{"@id":"https:\/\/www.hotelpraktikbakery.com\/en\/privacy-policy\/"},"wordCount":789,"publisher":{"@id":"\/#organization"},"image":{"@id":"https:\/\/www.hotelpraktikbakery.com\/en\/privacy-policy\/#primaryimage"},"thumbnailUrl":"https:\/\/www.hotelpraktikbakery.com\/wp-content\/uploads\/sites\/18\/2022\/11\/header_about.jpg","inLanguage":"en-US"},{"@type":"WebPage","@id":"https:\/\/www.hotelpraktikbakery.com\/en\/privacy-policy\/","url":"https:\/\/www.hotelpraktikbakery.com\/en\/privacy-policy\/","name":"Privacy Policy - Hotel Praktik Bakery","isPartOf":{"@id":"\/#website"},"primaryImageOfPage":{"@id":"https:\/\/www.hotelpraktikbakery.com\/en\/privacy-policy\/#primaryimage"},"image":{"@id":"https:\/\/www.hotelpraktikbakery.com\/en\/privacy-policy\/#primaryimage"},"thumbnailUrl":"https:\/\/www.hotelpraktikbakery.com\/wp-content\/uploads\/sites\/18\/2022\/11\/header_about.jpg","datePublished":"2022-11-04T13:47:17+00:00","dateModified":"2023-11-21T10:11:41+00:00","description":"On this page, you can find our Privacy Policy, corresponding to the best practices of the data we store from users.","breadcrumb":{"@id":"https:\/\/www.hotelpraktikbakery.com\/en\/privacy-policy\/#breadcrumb"},"inLanguage":"en-US","potentialAction":[{"@type":"ReadAction","target":["https:\/\/www.hotelpraktikbakery.com\/en\/privacy-policy\/"]}]},{"@type":"ImageObject","inLanguage":"en-US","@id":"https:\/\/www.hotelpraktikbakery.com\/en\/privacy-policy\/#primaryimage","url":"https:\/\/www.hotelpraktikbakery.com\/wp-content\/uploads\/sites\/18\/2022\/11\/header_about.jpg","contentUrl":"https:\/\/www.hotelpraktikbakery.com\/wp-content\/uploads\/sites\/18\/2022\/11\/header_about.jpg","width":1920,"height":439,"caption":"plants in the Hotel Praktik Rambla"},{"@type":"BreadcrumbList","@id":"https:\/\/www.hotelpraktikbakery.com\/en\/privacy-policy\/#breadcrumb","itemListElement":[{"@type":"ListItem","position":1,"name":"Portada","item":"https:\/\/www.hotelpraktikbakery.com\/en\/"},{"@type":"ListItem","position":2,"name":"Privacy Policy"}]},{"@type":"WebSite","@id":"\/#website","url":"\/","name":"Hotel Praktik Bakery","description":"Primer hotel-panader\u00eda del mundo","publisher":{"@id":"\/#organization"},"potentialAction":[{"@type":"SearchAction","target":{"@type":"EntryPoint","urlTemplate":"\/?s={search_term_string}"},"query-input":"required name=search_term_string"}],"inLanguage":"en-US"},{"@type":"Organization","@id":"\/#organization","name":"Hotel Praktik Bakery","url":"\/","logo":{"@type":"ImageObject","inLanguage":"en-US","@id":"\/#\/schema\/logo\/image\/","url":"https:\/\/www.hotelpraktikbakery.com\/wp-content\/uploads\/sites\/18\/PraktikBakery-logo.png","contentUrl":"https:\/\/www.hotelpraktikbakery.com\/wp-content\/uploads\/sites\/18\/PraktikBakery-logo.png","width":360,"height":34,"caption":"Hotel Praktik Bakery"},"image":{"@id":"\/#\/schema\/logo\/image\/"},"sameAs":["https:\/\/www.facebook.com\/praktikhotels\/","https:\/\/x.com\/praktikhotels","https:\/\/www.instagram.com\/praktikhotels\/"]},{"@type":"Person","@id":"\/#\/schema\/person\/4015c3b656759440a8291536b481326d","name":"praktkmaster","image":{"@type":"ImageObject","inLanguage":"en-US","@id":"\/#\/schema\/person\/image\/","url":"https:\/\/secure.gravatar.com\/avatar\/29d735a18eaffe4d58415575700d4e8f?s=96&d=mm&r=g","contentUrl":"https:\/\/secure.gravatar.com\/avatar\/29d735a18eaffe4d58415575700d4e8f?s=96&d=mm&r=g","caption":"praktkmaster"},"sameAs":["http:\/\/praktikdev.rkinnova.com"]}]}},"_links":{"self":[{"href":"https:\/\/www.hotelpraktikbakery.com\/en\/wp-json\/wp\/v2\/pages\/7656"}],"collection":[{"href":"https:\/\/www.hotelpraktikbakery.com\/en\/wp-json\/wp\/v2\/pages"}],"about":[{"href":"https:\/\/www.hotelpraktikbakery.com\/en\/wp-json\/wp\/v2\/types\/page"}],"author":[{"embeddable":true,"href":"https:\/\/www.hotelpraktikbakery.com\/en\/wp-json\/wp\/v2\/users\/1"}],"replies":[{"embeddable":true,"href":"https:\/\/www.hotelpraktikbakery.com\/en\/wp-json\/wp\/v2\/comments?post=7656"}],"version-history":[{"count":2,"href":"https:\/\/www.hotelpraktikbakery.com\/en\/wp-json\/wp\/v2\/pages\/7656\/revisions"}],"predecessor-version":[{"id":13651,"href":"https:\/\/www.hotelpraktikbakery.com\/en\/wp-json\/wp\/v2\/pages\/7656\/revisions\/13651"}],"wp:featuredmedia":[{"embeddable":true,"href":"https:\/\/www.hotelpraktikbakery.com\/en\/wp-json\/wp\/v2\/media\/6683"}],"wp:attachment":[{"href":"https:\/\/www.hotelpraktikbakery.com\/en\/wp-json\/wp\/v2\/media?parent=7656"}],"curies":[{"name":"wp","href":"https:\/\/api.w.org\/{rel}","templated":true}]}}