{"id":10806,"date":"2022-12-14T14:38:34","date_gmt":"2022-12-14T14:38:34","guid":{"rendered":"https:\/\/www.hotelpraktikbakery.com\/?page_id=10806"},"modified":"2025-11-03T09:14:03","modified_gmt":"2025-11-03T09:14:03","slug":"aviso-legal","status":"publish","type":"page","link":"https:\/\/www.hotelpraktikbakery.com\/es\/aviso-legal\/","title":{"rendered":"Aviso legal"},"content":{"rendered":"<p><span style=\"font-weight: 400;\">En cumplimiento con el deber de informaci\u00f3n recogido en art\u00edculo 10 de la Ley 34\/2002, de 11 de Julio, de Servicios de la Sociedad de la Informaci\u00f3n y del Comercio Electr\u00f3nico, le informamos que el Sitio Web y el portal de Internet<\/span><a href=\"http:\/\/www.praktikhotels.com\"> <b>www.praktikhotels.com<\/b><\/a><span style=\"font-weight: 400;\"> (en adelante, el \u00abWeb\u00bb) es titularidad de <\/span><b>Hotel Proven\u00e7a 279, S.L.<\/b><span style=\"font-weight: 400;\">, en adelante <\/span><b>PRAKTIK HOTELS<\/b><span style=\"font-weight: 400;\">, con domicilio social en <\/span><b>Pedro I Pons, 9-11, 4\u00ba 1\u00aa<\/b><span style=\"font-weight: 400;\">, con <\/span><b>CIF n\u00ba B67447821<\/b><span style=\"font-weight: 400;\">.<\/span><\/p>\n<p><span style=\"font-weight: 400;\">El presente aviso legal regula las condiciones de uso del citado portal de Internet.<\/span><\/p>\n<h5><b>Ley aplicable y jurisdicci\u00f3n<\/b><\/h5>\n<p><span style=\"font-weight: 400;\">Con car\u00e1cter general las relaciones entre PRAKTIK HOTELS y los usuarios de sus servicios telem\u00e1ticos, presentes en la web, se encuentran sometidas a la legislaci\u00f3n y jurisdicci\u00f3n espa\u00f1olas.<\/span><\/p>\n<p><span style=\"font-weight: 400;\">Las partes renuncian expresamente al fuero que les pudiera corresponder y someten expresamente a los <\/span><b>Juzgados y Tribunales de Barcelona<\/b><span style=\"font-weight: 400;\"> para resolver cualquier controversia que pueda surgir en la interpretaci\u00f3n o ejecuci\u00f3n de las presentes condiciones contractuales.<\/span><\/p>\n<h5><b>Aceptaci\u00f3n del usuario<\/b><\/h5>\n<p><span style=\"font-weight: 400;\">Este Aviso Legal regula el acceso y utilizaci\u00f3n de la p\u00e1gina web que PRAKTIK HOTELS pone a la disposici\u00f3n de los usuarios de Internet.<\/span><span style=\"font-weight: 400;\"><\/span><span style=\"font-weight: 400;\">Se considera usuario la persona que acceda, navegue, utilice o participe en los servicios y actividades de la p\u00e1gina web.<\/span><\/p>\n<p><span style=\"font-weight: 400;\">El usuario queda informado y acepta que el acceso a la presente web no supone, en modo alguno, el inicio de una relaci\u00f3n comercial con PRAKTIK HOTELS.<\/span><\/p>\n<p><span style=\"font-weight: 400;\">El acceso y navegaci\u00f3n en el sitio web por parte del usuario supone la aceptaci\u00f3n de la totalidad de las presentes Condiciones de Uso.<\/span><\/p>\n<p><span style=\"font-weight: 400;\">En caso de desacuerdo con las condiciones debe abstenerse de usar el sitio web.<\/span><\/p>\n<h5><b>Acceso a la web<\/b><\/h5>\n<p><span style=\"font-weight: 400;\">El acceso a la p\u00e1gina web por parte de los usuarios es de car\u00e1cter libre y gratuito.<\/span><span style=\"font-weight: 400;\"><\/span><span style=\"font-weight: 400;\">Algunos servicios pueden encontrarse sujetos a contrataci\u00f3n previa del servicio.<\/span><\/p>\n<p><span style=\"font-weight: 400;\">En caso de ser necesario que el usuario aporte datos personales para acceder a alguno de los servicios, la recogida y el tratamiento de los datos se realizar\u00e1 de conformidad con la normativa vigente, en concreto con el <\/span><b>RGPD<\/b><span style=\"font-weight: 400;\">.<\/span><\/p>\n<p><span style=\"font-weight: 400;\">\u00a0Para m\u00e1s informaci\u00f3n, consulte nuestra <\/span><a href=\"https:\/\/www.hotelpraktikbakery.com\/es\/politica-de-privacidad\/\"><b>Pol\u00edtica de Privacidad<\/b><\/a><span style=\"font-weight: 400;\">.<\/span><\/p>\n<h5><b>Contenido y uso<\/b><\/h5>\n<p><span style=\"font-weight: 400;\">La visita al sitio web por parte del usuario deber\u00e1 hacerse de forma responsable y de conformidad con la legalidad vigente, la buena fe, el presente Aviso Legal y respetando los derechos de propiedad intelectual e industrial de PRAKTIK HOTELS o de terceros.<\/span><\/p>\n<p><span style=\"font-weight: 400;\">El uso de cualquiera de los contenidos del sitio web con finalidades il\u00edcitas queda totalmente prohibido, as\u00ed como la realizaci\u00f3n de cualquier acci\u00f3n que cause o pueda causar da\u00f1os o alteraciones no consentidas por PRAKTIK HOTELS al sitio web o a sus contenidos.<\/span><\/p>\n<p><span style=\"font-weight: 400;\">El titular del web no se identifica con las opiniones vertidas en el mismo por sus colaboradores.<\/span><span style=\"font-weight: 400;\"><\/span><span style=\"font-weight: 400;\">La empresa se reserva el derecho de efectuar sin previo aviso las modificaciones que considere oportunas en su Web, pudiendo cambiar, suprimir o a\u00f1adir tanto los contenidos y servicios como la forma en la que \u00e9stos aparezcan presentados o localizados.<\/span><\/p>\n<h5><b>Propiedad intelectual e industrial<\/b><\/h5>\n<p><span style=\"font-weight: 400;\">Los derechos de propiedad intelectual del contenido de las p\u00e1ginas web, su dise\u00f1o gr\u00e1fico y c\u00f3digos son titularidad de PRAKTIK HOTELS, y queda prohibida su reproducci\u00f3n, distribuci\u00f3n, comunicaci\u00f3n p\u00fablica, transformaci\u00f3n o cualquier otra actividad que se realice con los contenidos de la p\u00e1gina web sin el consentimiento previo y por escrito de PRAKTIK HOTELS.<\/span><\/p>\n<p><span style=\"font-weight: 400;\">Todos los nombres comerciales, marcas o signos distintos contenidos en las p\u00e1ginas web de la empresa son propiedad de sus due\u00f1os y est\u00e1n protegidos por ley.<\/span><\/p>\n<p><span style=\"font-weight: 400;\">Cualquier uso no autorizado ser\u00e1 considerado un incumplimiento grave de los derechos de propiedad intelectual o industrial y dar\u00e1 lugar a las responsabilidades legalmente establecidas. PRAKTIK HOTELS se reserva el derecho de ejercitar acciones judiciales y extrajudiciales que correspondan.<\/span><\/p>\n<h5><b>Responsabilidad y garant\u00edas<\/b><\/h5>\n<p><span style=\"font-weight: 400;\">PRAKTIK HOTELS declara que ha adoptado las medidas necesarias que, dentro de sus posibilidades y el estado de la tecnolog\u00eda, permitan el correcto funcionamiento de su sitio web, as\u00ed como la ausencia de virus y componentes da\u00f1inos.<\/span><span style=\"font-weight: 400;\"><\/span><span style=\"font-weight: 400;\">Sin embargo, PRAKTIK HOTELS no puede hacerse responsable de las siguientes situaciones (entre otras):<\/span><\/p>\n<ul>\n<li style=\"font-weight: 400;\" aria-level=\"1\"><span style=\"font-weight: 400;\">La continuidad y disponibilidad de los contenidos<\/span><\/li>\n<li style=\"font-weight: 400;\" aria-level=\"1\"><span style=\"font-weight: 400;\">La ausencia de errores o la correcci\u00f3n de los mismos<\/span><\/li>\n<li style=\"font-weight: 400;\" aria-level=\"1\"><span style=\"font-weight: 400;\">La ausencia de virus u otros elementos da\u00f1inos<\/span><\/li>\n<li style=\"font-weight: 400;\" aria-level=\"1\"><span style=\"font-weight: 400;\">Los da\u00f1os causados por quienes vulneren los sistemas de seguridad<\/span><\/li>\n<li style=\"font-weight: 400;\" aria-level=\"1\"><span style=\"font-weight: 400;\">El uso indebido de los contenidos por parte de los usuarios<\/span><\/li>\n<li style=\"font-weight: 400;\" aria-level=\"1\"><span style=\"font-weight: 400;\">El uso por menores de edad sin el permiso de sus tutores<\/span><\/li>\n<li style=\"font-weight: 400;\" aria-level=\"1\"><span style=\"font-weight: 400;\">Los contenidos a los que se acceda mediante enlaces no autorizados<\/span><\/li>\n<li style=\"font-weight: 400;\" aria-level=\"1\"><span style=\"font-weight: 400;\">La introducci\u00f3n de datos err\u00f3neos por parte del usuario o de terceros.<\/span><\/li>\n<\/ul>\n<p><span style=\"font-weight: 400;\">PRAKTIK HOTELS podr\u00e1 suspender temporalmente y sin previo aviso la accesibilidad al sitio web por motivos de mantenimiento, reparaci\u00f3n o mejora, comunic\u00e1ndolo siempre que sea posible.<\/span><\/p>\n<p><span style=\"font-weight: 400;\">Asimismo, se compromete a eliminar o bloquear los contenidos contrarios a la legislaci\u00f3n vigente, derechos de terceros o la moral y el orden p\u00fablico.<\/span><\/p>\n<h5><b>Cookies<\/b><\/h5>\n<p><span style=\"font-weight: 400;\">PRAKTIK HOTELS utiliza cookies para optimizar y personalizar la navegaci\u00f3n.<\/span><span style=\"font-weight: 400;\"><\/span><span style=\"font-weight: 400;\">Estas son ficheros f\u00edsicos de informaci\u00f3n alojados en el terminal del usuario.<\/span><span style=\"font-weight: 400;\"><\/span><span style=\"font-weight: 400;\">La informaci\u00f3n recogida sirve para facilitar la navegaci\u00f3n y optimizar la experiencia del usuario.<\/span><\/p>\n<p><span style=\"font-weight: 400;\">Los datos recopilados mediante cookies pueden ser compartidos con los creadores de las mismas, pero no se asocian a datos personales ni identificativos del usuario.<\/span><\/p>\n<p><span style=\"font-weight: 400;\">Si el usuario no desea que se instalen cookies, puede configurar su navegador para impedirlo.<\/span><span style=\"font-weight: 400;\"><\/span><span style=\"font-weight: 400;\">Para m\u00e1s informaci\u00f3n, consulte la <\/span><a href=\"https:\/\/www.hotelpraktikbakery.com\/es\/politica-de-cookies\/\"><b>Pol\u00edtica de Cookies<\/b><\/a><span style=\"font-weight: 400;\"> disponible en la web.<\/span><\/p>\n<h5><b>Enlaces (links)<\/b><\/h5>\n<p><span style=\"font-weight: 400;\">La presencia de enlaces en la p\u00e1gina web de PRAKTIK HOTELS hacia otros sitios de Internet tiene finalidad meramente informativa y no implica recomendaci\u00f3n o aprobaci\u00f3n.<\/span><span style=\"font-weight: 400;\"><\/span><span style=\"font-weight: 400;\">PRAKTIK HOTELS no asume responsabilidad por los contenidos de sitios web ajenos ni garantiza su fiabilidad o veracidad.<\/span><\/p>\n<p><span style=\"font-weight: 400;\">Tampoco se entender\u00e1 que PRAKTIK HOTELS ha autorizado enlaces desde otras webs hacia la suya si no lo ha hecho expresamente.<\/span><span style=\"font-weight: 400;\"><\/span><span style=\"font-weight: 400;\">Se proh\u00edbe incluir contenidos inapropiados, difamatorios, ilegales, obscenos o contrarios a la ley en p\u00e1ginas que enlacen con PRAKTIK HOTELS.<\/span><\/p>\n<p><span style=\"font-weight: 400;\">PRAKTIK HOTELS se reserva el derecho de emprender las acciones judiciales y extrajudiciales correspondientes en caso de incumplimiento.<\/span><\/p>\n<h5><b>Modificaci\u00f3n de las condiciones<\/b><\/h5>\n<p><span style=\"font-weight: 400;\">PRAKTIK HOTELS se reserva expresamente el derecho a modificar unilateralmente, total o parcialmente, sin previo aviso, el presente Aviso Legal.<\/span><span style=\"font-weight: 400;\"><\/span><span style=\"font-weight: 400;\">El usuario reconoce y acepta que es su responsabilidad revisar peri\u00f3dicamente este documento.<\/span><\/p>\n","protected":false},"excerpt":{"rendered":"<p>En cumplimiento con el deber de informaci\u00f3n recogido en art\u00edculo 10 de la Ley 34\/2002, de 11 de Julio, de Servicios de la Sociedad de la Informaci\u00f3n y del Comercio Electr\u00f3nico, le informamos que el Sitio Web y el portal de Internet www.praktikhotels.com (en adelante, el \u00abWeb\u00bb) es titularidad de Hotel Proven\u00e7a 279, S.L., en [&hellip;]<\/p>\n","protected":false},"author":1,"featured_media":0,"parent":0,"menu_order":0,"comment_status":"closed","ping_status":"closed","template":"","meta":{"inline_featured_image":false,"footnotes":""},"class_list":["post-10806","page","type-page","status-publish","hentry","post-wrapper","thrv_wrapper"],"yoast_head":"<!-- This site is optimized with the Yoast SEO plugin v23.2 - https:\/\/yoast.com\/wordpress\/plugins\/seo\/ -->\n<title>Aviso legal - Hotel Praktik Bakery<\/title>\n<meta name=\"description\" content=\"Praktik Bakery pone a tu disposici\u00f3n un aviso legal que te permitir\u00e1 consultar la normativa de esta web.\" \/>\n<meta name=\"robots\" content=\"index, follow, max-snippet:-1, max-image-preview:large, max-video-preview:-1\" \/>\n<link rel=\"canonical\" href=\"https:\/\/www.hotelpraktikbakery.com\/es\/aviso-legal\/\" \/>\n<meta property=\"og:locale\" content=\"es_ES\" \/>\n<meta property=\"og:type\" content=\"article\" \/>\n<meta property=\"og:title\" content=\"Aviso legal - Hotel Praktik Bakery\" \/>\n<meta property=\"og:description\" content=\"Praktik Bakery pone a tu disposici\u00f3n un aviso legal que te permitir\u00e1 consultar la normativa de esta web.\" \/>\n<meta property=\"og:url\" content=\"https:\/\/www.hotelpraktikbakery.com\/es\/aviso-legal\/\" \/>\n<meta property=\"og:site_name\" content=\"Hotel Praktik Bakery\" \/>\n<meta property=\"article:publisher\" content=\"https:\/\/www.facebook.com\/praktikhotels\/\" \/>\n<meta property=\"article:modified_time\" content=\"2025-11-03T09:14:03+00:00\" \/>\n<meta name=\"twitter:card\" content=\"summary_large_image\" \/>\n<meta name=\"twitter:title\" content=\"Aviso legal - Hotel Praktik Bakery\" \/>\n<meta name=\"twitter:description\" content=\"Praktik Bakery pone a tu disposici\u00f3n un aviso legal que te permitir\u00e1 consultar la normativa de esta web.\" \/>\n<meta name=\"twitter:site\" content=\"@praktikhotels\" \/>\n<meta name=\"twitter:label1\" content=\"Tiempo de lectura\" \/>\n\t<meta name=\"twitter:data1\" content=\"10 minutos\" \/>\n<script type=\"application\/ld+json\" class=\"yoast-schema-graph\">{\"@context\":\"https:\/\/schema.org\",\"@graph\":[{\"@type\":\"Article\",\"@id\":\"https:\/\/www.hotelpraktikbakery.com\/es\/aviso-legal\/#article\",\"isPartOf\":{\"@id\":\"https:\/\/www.hotelpraktikbakery.com\/es\/aviso-legal\/\"},\"author\":{\"name\":\"praktkmaster\",\"@id\":\"\/#\/schema\/person\/4015c3b656759440a8291536b481326d\"},\"headline\":\"Aviso legal\",\"datePublished\":\"2022-12-14T14:38:34+00:00\",\"dateModified\":\"2025-11-03T09:14:03+00:00\",\"mainEntityOfPage\":{\"@id\":\"https:\/\/www.hotelpraktikbakery.com\/es\/aviso-legal\/\"},\"wordCount\":1101,\"publisher\":{\"@id\":\"\/#organization\"},\"inLanguage\":\"es\"},{\"@type\":\"WebPage\",\"@id\":\"https:\/\/www.hotelpraktikbakery.com\/es\/aviso-legal\/\",\"url\":\"https:\/\/www.hotelpraktikbakery.com\/es\/aviso-legal\/\",\"name\":\"Aviso legal - Hotel Praktik Bakery\",\"isPartOf\":{\"@id\":\"\/#website\"},\"datePublished\":\"2022-12-14T14:38:34+00:00\",\"dateModified\":\"2025-11-03T09:14:03+00:00\",\"description\":\"Praktik Bakery pone a tu disposici\u00f3n un aviso legal que te permitir\u00e1 consultar la normativa de esta web.\",\"breadcrumb\":{\"@id\":\"https:\/\/www.hotelpraktikbakery.com\/es\/aviso-legal\/#breadcrumb\"},\"inLanguage\":\"es\",\"potentialAction\":[{\"@type\":\"ReadAction\",\"target\":[\"https:\/\/www.hotelpraktikbakery.com\/es\/aviso-legal\/\"]}]},{\"@type\":\"BreadcrumbList\",\"@id\":\"https:\/\/www.hotelpraktikbakery.com\/es\/aviso-legal\/#breadcrumb\",\"itemListElement\":[{\"@type\":\"ListItem\",\"position\":1,\"name\":\"Portada\",\"item\":\"https:\/\/www.hotelpraktikbakery.com\/es\/\"},{\"@type\":\"ListItem\",\"position\":2,\"name\":\"Aviso legal\"}]},{\"@type\":\"WebSite\",\"@id\":\"\/#website\",\"url\":\"\/\",\"name\":\"Hotel Praktik Bakery\",\"description\":\"Primer hotel-panader\u00eda del mundo\",\"publisher\":{\"@id\":\"\/#organization\"},\"potentialAction\":[{\"@type\":\"SearchAction\",\"target\":{\"@type\":\"EntryPoint\",\"urlTemplate\":\"\/?s={search_term_string}\"},\"query-input\":\"required name=search_term_string\"}],\"inLanguage\":\"es\"},{\"@type\":\"Organization\",\"@id\":\"\/#organization\",\"name\":\"Hotel Praktik Bakery\",\"url\":\"\/\",\"logo\":{\"@type\":\"ImageObject\",\"inLanguage\":\"es\",\"@id\":\"\/#\/schema\/logo\/image\/\",\"url\":\"https:\/\/www.hotelpraktikbakery.com\/wp-content\/uploads\/sites\/18\/PraktikBakery-logo.png\",\"contentUrl\":\"https:\/\/www.hotelpraktikbakery.com\/wp-content\/uploads\/sites\/18\/PraktikBakery-logo.png\",\"width\":360,\"height\":34,\"caption\":\"Hotel Praktik Bakery\"},\"image\":{\"@id\":\"\/#\/schema\/logo\/image\/\"},\"sameAs\":[\"https:\/\/www.facebook.com\/praktikhotels\/\",\"https:\/\/x.com\/praktikhotels\",\"https:\/\/www.instagram.com\/praktikhotels\/\"]},{\"@type\":\"Person\",\"@id\":\"\/#\/schema\/person\/4015c3b656759440a8291536b481326d\",\"name\":\"praktkmaster\",\"image\":{\"@type\":\"ImageObject\",\"inLanguage\":\"es\",\"@id\":\"\/#\/schema\/person\/image\/\",\"url\":\"https:\/\/secure.gravatar.com\/avatar\/29d735a18eaffe4d58415575700d4e8f?s=96&d=mm&r=g\",\"contentUrl\":\"https:\/\/secure.gravatar.com\/avatar\/29d735a18eaffe4d58415575700d4e8f?s=96&d=mm&r=g\",\"caption\":\"praktkmaster\"},\"sameAs\":[\"http:\/\/praktikdev.rkinnova.com\"]}]}<\/script>\n<!-- \/ Yoast SEO plugin. -->","yoast_head_json":{"title":"Aviso legal - Hotel Praktik Bakery","description":"Praktik Bakery pone a tu disposici\u00f3n un aviso legal que te permitir\u00e1 consultar la normativa de esta web.","robots":{"index":"index","follow":"follow","max-snippet":"max-snippet:-1","max-image-preview":"max-image-preview:large","max-video-preview":"max-video-preview:-1"},"canonical":"https:\/\/www.hotelpraktikbakery.com\/es\/aviso-legal\/","og_locale":"es_ES","og_type":"article","og_title":"Aviso legal - Hotel Praktik Bakery","og_description":"Praktik Bakery pone a tu disposici\u00f3n un aviso legal que te permitir\u00e1 consultar la normativa de esta web.","og_url":"https:\/\/www.hotelpraktikbakery.com\/es\/aviso-legal\/","og_site_name":"Hotel Praktik Bakery","article_publisher":"https:\/\/www.facebook.com\/praktikhotels\/","article_modified_time":"2025-11-03T09:14:03+00:00","twitter_card":"summary_large_image","twitter_title":"Aviso legal - Hotel Praktik Bakery","twitter_description":"Praktik Bakery pone a tu disposici\u00f3n un aviso legal que te permitir\u00e1 consultar la normativa de esta web.","twitter_site":"@praktikhotels","twitter_misc":{"Tiempo de lectura":"10 minutos"},"schema":{"@context":"https:\/\/schema.org","@graph":[{"@type":"Article","@id":"https:\/\/www.hotelpraktikbakery.com\/es\/aviso-legal\/#article","isPartOf":{"@id":"https:\/\/www.hotelpraktikbakery.com\/es\/aviso-legal\/"},"author":{"name":"praktkmaster","@id":"\/#\/schema\/person\/4015c3b656759440a8291536b481326d"},"headline":"Aviso legal","datePublished":"2022-12-14T14:38:34+00:00","dateModified":"2025-11-03T09:14:03+00:00","mainEntityOfPage":{"@id":"https:\/\/www.hotelpraktikbakery.com\/es\/aviso-legal\/"},"wordCount":1101,"publisher":{"@id":"\/#organization"},"inLanguage":"es"},{"@type":"WebPage","@id":"https:\/\/www.hotelpraktikbakery.com\/es\/aviso-legal\/","url":"https:\/\/www.hotelpraktikbakery.com\/es\/aviso-legal\/","name":"Aviso legal - Hotel Praktik Bakery","isPartOf":{"@id":"\/#website"},"datePublished":"2022-12-14T14:38:34+00:00","dateModified":"2025-11-03T09:14:03+00:00","description":"Praktik Bakery pone a tu disposici\u00f3n un aviso legal que te permitir\u00e1 consultar la normativa de esta web.","breadcrumb":{"@id":"https:\/\/www.hotelpraktikbakery.com\/es\/aviso-legal\/#breadcrumb"},"inLanguage":"es","potentialAction":[{"@type":"ReadAction","target":["https:\/\/www.hotelpraktikbakery.com\/es\/aviso-legal\/"]}]},{"@type":"BreadcrumbList","@id":"https:\/\/www.hotelpraktikbakery.com\/es\/aviso-legal\/#breadcrumb","itemListElement":[{"@type":"ListItem","position":1,"name":"Portada","item":"https:\/\/www.hotelpraktikbakery.com\/es\/"},{"@type":"ListItem","position":2,"name":"Aviso legal"}]},{"@type":"WebSite","@id":"\/#website","url":"\/","name":"Hotel Praktik Bakery","description":"Primer hotel-panader\u00eda del mundo","publisher":{"@id":"\/#organization"},"potentialAction":[{"@type":"SearchAction","target":{"@type":"EntryPoint","urlTemplate":"\/?s={search_term_string}"},"query-input":"required name=search_term_string"}],"inLanguage":"es"},{"@type":"Organization","@id":"\/#organization","name":"Hotel Praktik Bakery","url":"\/","logo":{"@type":"ImageObject","inLanguage":"es","@id":"\/#\/schema\/logo\/image\/","url":"https:\/\/www.hotelpraktikbakery.com\/wp-content\/uploads\/sites\/18\/PraktikBakery-logo.png","contentUrl":"https:\/\/www.hotelpraktikbakery.com\/wp-content\/uploads\/sites\/18\/PraktikBakery-logo.png","width":360,"height":34,"caption":"Hotel Praktik Bakery"},"image":{"@id":"\/#\/schema\/logo\/image\/"},"sameAs":["https:\/\/www.facebook.com\/praktikhotels\/","https:\/\/x.com\/praktikhotels","https:\/\/www.instagram.com\/praktikhotels\/"]},{"@type":"Person","@id":"\/#\/schema\/person\/4015c3b656759440a8291536b481326d","name":"praktkmaster","image":{"@type":"ImageObject","inLanguage":"es","@id":"\/#\/schema\/person\/image\/","url":"https:\/\/secure.gravatar.com\/avatar\/29d735a18eaffe4d58415575700d4e8f?s=96&d=mm&r=g","contentUrl":"https:\/\/secure.gravatar.com\/avatar\/29d735a18eaffe4d58415575700d4e8f?s=96&d=mm&r=g","caption":"praktkmaster"},"sameAs":["http:\/\/praktikdev.rkinnova.com"]}]}},"_links":{"self":[{"href":"https:\/\/www.hotelpraktikbakery.com\/es\/wp-json\/wp\/v2\/pages\/10806"}],"collection":[{"href":"https:\/\/www.hotelpraktikbakery.com\/es\/wp-json\/wp\/v2\/pages"}],"about":[{"href":"https:\/\/www.hotelpraktikbakery.com\/es\/wp-json\/wp\/v2\/types\/page"}],"author":[{"embeddable":true,"href":"https:\/\/www.hotelpraktikbakery.com\/es\/wp-json\/wp\/v2\/users\/1"}],"replies":[{"embeddable":true,"href":"https:\/\/www.hotelpraktikbakery.com\/es\/wp-json\/wp\/v2\/comments?post=10806"}],"version-history":[{"count":4,"href":"https:\/\/www.hotelpraktikbakery.com\/es\/wp-json\/wp\/v2\/pages\/10806\/revisions"}],"predecessor-version":[{"id":13988,"href":"https:\/\/www.hotelpraktikbakery.com\/es\/wp-json\/wp\/v2\/pages\/10806\/revisions\/13988"}],"wp:attachment":[{"href":"https:\/\/www.hotelpraktikbakery.com\/es\/wp-json\/wp\/v2\/media?parent=10806"}],"curies":[{"name":"wp","href":"https:\/\/api.w.org\/{rel}","templated":true}]}}