{"id":7687,"date":"2022-11-07T09:19:07","date_gmt":"2022-11-07T09:19:07","guid":{"rendered":"https:\/\/www.hotelpraktikbakery.com\/?page_id=7687"},"modified":"2024-01-31T10:19:14","modified_gmt":"2024-01-31T10:19:14","slug":"service","status":"publish","type":"page","link":"https:\/\/www.hotelpraktikbakery.com\/fr\/hotel-a-barcelone\/service\/","title":{"rendered":"Service"},"content":{"rendered":"<h1 style=\"text-align: center\">Nos services<\/h1>\n<p style=\"text-align: center\">Le Praktik Bakery dispose de sa propre boulangerie appel\u00e9e \u00abBaluard \u00bb. Nous vous proposons le d\u00e9licieux petit-d\u00e9jeuner \u00ab Baluard \u00bb, un buffet compos\u00e9 de produits frais venant de notre boulangerie. Vous y trouverez une grande s\u00e9lection de diff\u00e9rents types de pains p\u00e9tris dans notre fournil, de la viennoiserie vari\u00e9e fra\u00eechement sortie du four, de la charcuterie de la r\u00e9gion, de la confiture, du beurre, c\u00e9r\u00e9ales, yogourt, garnitures assorties et \u0153ufs durs. Du caf\u00e9, du th\u00e9, du chocolat, du jus d&rsquo;orange et des fruits secs seront \u00e9galement mis \u00e0 votre disposition. Vous pourrez r\u00e9server votre petit-d\u00e9jeuner lors de votre r\u00e9servation.<\/p>\n<p><img loading=\"lazy\" decoding=\"async\" title=\"wifi-icono\" src=\"https:\/\/www.hotelpraktikbakery.com\/wp-content\/uploads\/sites\/18\/2022\/11\/wifi-icono.png\" alt=\"wifi icono\" width=\"48\" height=\"36\" data-id=\"3668\" data-init-width=\"48\" data-init-height=\"36\" data-width=\"48\" data-height=\"36\" \/><\/p>\n<p style=\"text-align: center\">Wi-Fi gratuit<\/p>\n<p><img loading=\"lazy\" decoding=\"async\" title=\"conserjeria-icono\" src=\"https:\/\/www.hotelpraktikbakery.com\/wp-content\/uploads\/sites\/18\/2022\/11\/conserjeria-icono.png\" alt=\"icono conserjeria\" width=\"48\" height=\"39\" data-id=\"3660\" data-init-width=\"54\" data-init-height=\"44\" data-width=\"48\" data-height=\"39\" \/><\/p>\n<p style=\"text-align: center;color: var(--tcb-color-1) !important\">\u00a0R\u00e9ception 24 h\/24<\/p>\n<p><img loading=\"lazy\" decoding=\"async\" title=\"cafe-icono\" src=\"https:\/\/www.hotelpraktikbakery.com\/wp-content\/uploads\/sites\/18\/2022\/11\/cafe-icono.png\" alt=\"icono m\u00e1quina de caf\u00e9\" width=\"40\" height=\"45\" data-id=\"3659\" data-init-width=\"40\" data-init-height=\"45\" data-width=\"40\" data-height=\"45\" \/><\/p>\n<p style=\"text-align: center;color: var(--tcb-color-1) !important\">\u00a0Machine \u00e0 caf\u00e9<\/p>\n<p><img loading=\"lazy\" decoding=\"async\" title=\"restaurante-icono\" src=\"https:\/\/www.hotelpraktikbakery.com\/wp-content\/uploads\/sites\/18\/2022\/11\/restaurante-icono.png\" alt=\"restaurante icono\" width=\"55\" height=\"49\" data-id=\"3664\" data-init-width=\"55\" data-init-height=\"49\" data-width=\"55\" data-height=\"49\" \/><\/p>\n<p style=\"text-align: center;color: var(--tcb-color-1) !important\">\u00a0R\u00e9servation de restaurants<\/p>\n<p><img loading=\"lazy\" decoding=\"async\" title=\"desayuno\" src=\"https:\/\/www.hotelpraktikbakery.com\/wp-content\/uploads\/sites\/18\/2022\/11\/desayuno.png\" alt=\"desayuno\" width=\"70\" height=\"64\" data-id=\"8944\" data-init-width=\"150\" data-init-height=\"137\" data-width=\"70\" data-height=\"64\" \/><\/p>\n<p style=\"text-align: center;color: var(--tcb-color-1) !important\">Petits d\u00e9jeuners buffet Baluard<\/p>\n<p><img loading=\"lazy\" decoding=\"async\" title=\"lavanderia-icono\" src=\"https:\/\/www.hotelpraktikbakery.com\/wp-content\/uploads\/sites\/18\/2022\/11\/lavanderia-icono.png\" alt=\"icono lavander\u00eda\" width=\"39\" height=\"46\" data-id=\"3662\" data-init-width=\"39\" data-init-height=\"46\" data-width=\"39\" data-height=\"46\" \/><\/p>\n<p style=\"text-align: center;color: var(--tcb-color-1) !important\">\u00a0Service de blanchisserie<\/p>\n<p><img loading=\"lazy\" decoding=\"async\" title=\"toallas-icono\" src=\"https:\/\/www.hotelpraktikbakery.com\/wp-content\/uploads\/sites\/18\/2022\/11\/toallas-icono.png\" alt=\"toallas icono\" width=\"32\" height=\"46\" data-id=\"3667\" data-init-width=\"32\" data-init-height=\"46\" data-width=\"32\" data-height=\"46\" \/><\/p>\n<p style=\"text-align: center\">\u00a0Serviettes de plage<\/p>\n<p><img loading=\"lazy\" decoding=\"async\" title=\"amenities-icon\" src=\"https:\/\/www.hotelpraktikbakery.com\/wp-content\/uploads\/sites\/18\/2022\/11\/amenities-icon.png\" alt=\"Amenities anti alerg\u00e9nicos\" width=\"32\" height=\"44\" data-id=\"4508\" data-init-width=\"50\" data-init-height=\"69\" data-width=\"32\" data-height=\"44\" \/><\/p>\n<p style=\"text-align: center\">\u00a0Produits d&rsquo;accueil hypoallerg\u00e9niques<\/p>\n<p><img loading=\"lazy\" decoding=\"async\" title=\"nogluten\" src=\"https:\/\/www.hotelpraktikbakery.com\/wp-content\/uploads\/sites\/18\/2022\/11\/nogluten.png\" alt=\"desayunos sin gluten\" width=\"50\" height=\"50\" data-id=\"8950\" data-init-width=\"150\" data-init-height=\"150\" data-width=\"50\" data-height=\"50\" \/><\/p>\n<p style=\"text-align: center\">Petit-d\u00e9jeuner sans gluten sur demande<\/p>\n<p><img loading=\"lazy\" decoding=\"async\" title=\"taxisaeropuerto-icono\" src=\"https:\/\/www.hotelpraktikbakery.com\/wp-content\/uploads\/sites\/18\/2022\/11\/taxisaeropuerto-icono.png\" alt=\"taxi aeropuerto icono\" width=\"64\" height=\"46\" data-id=\"3665\" data-init-width=\"64\" data-init-height=\"46\" data-width=\"64\" data-height=\"46\" \/><\/p>\n<p style=\"text-align: center\">\u00a0Transfert \u00e0 l&rsquo;a\u00e9roport<\/p>\n<p><img loading=\"lazy\" decoding=\"async\" title=\"guardaequipaje\" src=\"https:\/\/www.hotelpraktikbakery.com\/wp-content\/uploads\/sites\/18\/guardaequipaje.png\" alt=\"icono guardaequipaje\" width=\"50\" height=\"50\" data-id=\"11991\" data-init-width=\"50\" data-init-height=\"50\" data-width=\"50\" \/><\/p>\n<p style=\"text-align: center\">Compartiment de bagage<\/p>\n<p><img loading=\"lazy\" decoding=\"async\" title=\"parking-icono\" src=\"https:\/\/www.hotelpraktikbakery.com\/wp-content\/uploads\/sites\/18\/2022\/11\/parking-icono.png\" alt=\"icono parking\" width=\"48\" height=\"48\" data-id=\"3663\" data-init-width=\"48\" data-init-height=\"48\" data-width=\"48\" data-height=\"48\" \/><\/p>\n<p style=\"text-align: center\">\u00a0Parking public \u00e0 50 m de l&rsquo;h\u00f4tel<\/p>\n<p><img loading=\"lazy\" decoding=\"async\" title=\"accesibilidad-icon\" src=\"https:\/\/www.hotelpraktikbakery.com\/wp-content\/uploads\/sites\/18\/2022\/11\/accesibilidad-icon.png\" alt=\"accesibilidad\" width=\"51\" height=\"51\" data-id=\"4510\" data-init-width=\"50\" data-init-height=\"50\" data-width=\"51\" data-height=\"51\" \/><\/p>\n<p style=\"text-align: center\">\u00a0Accessibilit\u00e9 pour les personnes \u00e0 mobilit\u00e9 r\u00e9duite<\/p>\n<p><img loading=\"lazy\" decoding=\"async\" title=\"bascula-icono\" src=\"https:\/\/www.hotelpraktikbakery.com\/wp-content\/uploads\/sites\/18\/bascula-icono.png\" alt=\"\" width=\"51\" height=\"45\" data-id=\"12138\" data-init-width=\"45\" data-init-height=\"45\" data-width=\"51\" \/><\/p>\n<p style=\"text-align: center\">P\u00e8se-bagages<\/p>\n<p><img loading=\"lazy\" decoding=\"async\" title=\"kettle\" src=\"https:\/\/www.hotelpraktikbakery.com\/wp-content\/uploads\/sites\/18\/kettle-1.png\" alt=\"\" width=\"66\" height=\"293\" data-id=\"12397\" data-init-width=\"393\" data-init-height=\"293\" data-width=\"66\" \/><\/p>\n<p style=\"text-align: center\">Kettle<\/p>\n<p style=\"text-align: center\">We are Barcelona<\/p>\n<p style=\"text-align: center\">We are Barcelona<\/p>\n<p>We are Barcelona<\/p>\n","protected":false},"excerpt":{"rendered":"<p>Nos services Le Praktik Bakery dispose de sa propre boulangerie appel\u00e9e \u00abBaluard \u00bb. Nous vous proposons le d\u00e9licieux petit-d\u00e9jeuner \u00ab Baluard \u00bb, un buffet compos\u00e9 de produits frais venant de notre boulangerie. Vous y trouverez une grande s\u00e9lection de diff\u00e9rents types de pains p\u00e9tris dans notre fournil, de la viennoiserie vari\u00e9e fra\u00eechement sortie du four, [&hellip;]<\/p>\n","protected":false},"author":1,"featured_media":11971,"parent":7574,"menu_order":0,"comment_status":"closed","ping_status":"closed","template":"","meta":{"inline_featured_image":false,"footnotes":""},"class_list":["post-7687","page","type-page","status-publish","has-post-thumbnail","hentry","post-wrapper","thrv_wrapper"],"yoast_head":"<!-- This site is optimized with the Yoast SEO plugin v23.2 - https:\/\/yoast.com\/wordpress\/plugins\/seo\/ -->\n<title>Services du premier h\u00f4tel-boulangerie au monde<\/title>\n<meta name=\"description\" content=\"\u00c0 l\u2019H\u00f4tel Praktik Bakery, vous trouverez tous les services \u00e0 votre disposition. Consultez tous les services disponibles sur notre site Internet!\" \/>\n<meta name=\"robots\" content=\"index, follow, max-snippet:-1, max-image-preview:large, max-video-preview:-1\" \/>\n<link rel=\"canonical\" href=\"https:\/\/www.hotelpraktikbakery.com\/fr\/hotel-a-barcelone\/service\/\" \/>\n<meta property=\"og:locale\" content=\"fr_FR\" \/>\n<meta property=\"og:type\" content=\"article\" \/>\n<meta property=\"og:title\" content=\"Services du premier h\u00f4tel-boulangerie au monde\" \/>\n<meta property=\"og:description\" content=\"\u00c0 l\u2019H\u00f4tel Praktik Bakery, vous trouverez tous les services \u00e0 votre disposition. Consultez tous les services disponibles sur notre site Internet!\" \/>\n<meta property=\"og:url\" content=\"https:\/\/www.hotelpraktikbakery.com\/fr\/hotel-a-barcelone\/service\/\" \/>\n<meta property=\"og:site_name\" content=\"Hotel Praktik Bakery\" \/>\n<meta property=\"article:publisher\" content=\"https:\/\/www.facebook.com\/praktikhotels\/\" \/>\n<meta property=\"article:modified_time\" content=\"2024-01-31T10:19:14+00:00\" \/>\n<meta property=\"og:image\" content=\"https:\/\/www.hotelpraktikbakery.com\/wp-content\/uploads\/sites\/18\/HOTEL-PRAKTIK-BAKERY-HOME-1.jpg\" \/>\n\t<meta property=\"og:image:width\" content=\"2048\" \/>\n\t<meta property=\"og:image:height\" content=\"1365\" \/>\n\t<meta property=\"og:image:type\" content=\"image\/jpeg\" \/>\n<meta name=\"twitter:card\" content=\"summary_large_image\" \/>\n<meta name=\"twitter:title\" content=\"Services du premier h\u00f4tel-boulangerie au monde\" \/>\n<meta name=\"twitter:description\" content=\"\u00c0 l\u2019H\u00f4tel Praktik Bakery, vous trouverez tous les services \u00e0 votre disposition. Consultez tous les services disponibles sur notre site Internet!\" \/>\n<meta name=\"twitter:site\" content=\"@praktikhotels\" \/>\n<meta name=\"twitter:label1\" content=\"Dur\u00e9e de lecture estim\u00e9e\" \/>\n\t<meta name=\"twitter:data1\" content=\"4 minutes\" \/>\n<script type=\"application\/ld+json\" class=\"yoast-schema-graph\">{\"@context\":\"https:\/\/schema.org\",\"@graph\":[{\"@type\":\"Article\",\"@id\":\"https:\/\/www.hotelpraktikbakery.com\/fr\/hotel-a-barcelone\/service\/#article\",\"isPartOf\":{\"@id\":\"https:\/\/www.hotelpraktikbakery.com\/fr\/hotel-a-barcelone\/service\/\"},\"author\":{\"name\":\"praktkmaster\",\"@id\":\"\/#\/schema\/person\/4015c3b656759440a8291536b481326d\"},\"headline\":\"Service\",\"datePublished\":\"2022-11-07T09:19:07+00:00\",\"dateModified\":\"2024-01-31T10:19:14+00:00\",\"mainEntityOfPage\":{\"@id\":\"https:\/\/www.hotelpraktikbakery.com\/fr\/hotel-a-barcelone\/service\/\"},\"wordCount\":179,\"publisher\":{\"@id\":\"\/#organization\"},\"image\":{\"@id\":\"https:\/\/www.hotelpraktikbakery.com\/fr\/hotel-a-barcelone\/service\/#primaryimage\"},\"thumbnailUrl\":\"https:\/\/www.hotelpraktikbakery.com\/wp-content\/uploads\/sites\/18\/HOTEL-PRAKTIK-BAKERY-HOME-1.jpg\",\"inLanguage\":\"fr-FR\"},{\"@type\":\"WebPage\",\"@id\":\"https:\/\/www.hotelpraktikbakery.com\/fr\/hotel-a-barcelone\/service\/\",\"url\":\"https:\/\/www.hotelpraktikbakery.com\/fr\/hotel-a-barcelone\/service\/\",\"name\":\"Services du premier h\u00f4tel-boulangerie au monde\",\"isPartOf\":{\"@id\":\"\/#website\"},\"primaryImageOfPage\":{\"@id\":\"https:\/\/www.hotelpraktikbakery.com\/fr\/hotel-a-barcelone\/service\/#primaryimage\"},\"image\":{\"@id\":\"https:\/\/www.hotelpraktikbakery.com\/fr\/hotel-a-barcelone\/service\/#primaryimage\"},\"thumbnailUrl\":\"https:\/\/www.hotelpraktikbakery.com\/wp-content\/uploads\/sites\/18\/HOTEL-PRAKTIK-BAKERY-HOME-1.jpg\",\"datePublished\":\"2022-11-07T09:19:07+00:00\",\"dateModified\":\"2024-01-31T10:19:14+00:00\",\"description\":\"\u00c0 l\u2019H\u00f4tel Praktik Bakery, vous trouverez tous les services \u00e0 votre disposition. Consultez tous les services disponibles sur notre site Internet!\",\"breadcrumb\":{\"@id\":\"https:\/\/www.hotelpraktikbakery.com\/fr\/hotel-a-barcelone\/service\/#breadcrumb\"},\"inLanguage\":\"fr-FR\",\"potentialAction\":[{\"@type\":\"ReadAction\",\"target\":[\"https:\/\/www.hotelpraktikbakery.com\/fr\/hotel-a-barcelone\/service\/\"]}]},{\"@type\":\"ImageObject\",\"inLanguage\":\"fr-FR\",\"@id\":\"https:\/\/www.hotelpraktikbakery.com\/fr\/hotel-a-barcelone\/service\/#primaryimage\",\"url\":\"https:\/\/www.hotelpraktikbakery.com\/wp-content\/uploads\/sites\/18\/HOTEL-PRAKTIK-BAKERY-HOME-1.jpg\",\"contentUrl\":\"https:\/\/www.hotelpraktikbakery.com\/wp-content\/uploads\/sites\/18\/HOTEL-PRAKTIK-BAKERY-HOME-1.jpg\",\"width\":2048,\"height\":1365,\"caption\":\"HOTEL-PRAKTIK-BAKERY-HOME\"},{\"@type\":\"BreadcrumbList\",\"@id\":\"https:\/\/www.hotelpraktikbakery.com\/fr\/hotel-a-barcelone\/service\/#breadcrumb\",\"itemListElement\":[{\"@type\":\"ListItem\",\"position\":1,\"name\":\"Portada\",\"item\":\"https:\/\/www.hotelpraktikbakery.com\/fr\/\"},{\"@type\":\"ListItem\",\"position\":2,\"name\":\"Hotel a Barcelone\",\"item\":\"https:\/\/www.hotelpraktikbakery.com\/fr\/\"},{\"@type\":\"ListItem\",\"position\":3,\"name\":\"Service\"}]},{\"@type\":\"WebSite\",\"@id\":\"\/#website\",\"url\":\"\/\",\"name\":\"Hotel Praktik Bakery\",\"description\":\"Primer hotel-panader\u00eda del mundo\",\"publisher\":{\"@id\":\"\/#organization\"},\"potentialAction\":[{\"@type\":\"SearchAction\",\"target\":{\"@type\":\"EntryPoint\",\"urlTemplate\":\"\/?s={search_term_string}\"},\"query-input\":\"required name=search_term_string\"}],\"inLanguage\":\"fr-FR\"},{\"@type\":\"Organization\",\"@id\":\"\/#organization\",\"name\":\"Hotel Praktik Bakery\",\"url\":\"\/\",\"logo\":{\"@type\":\"ImageObject\",\"inLanguage\":\"fr-FR\",\"@id\":\"\/#\/schema\/logo\/image\/\",\"url\":\"https:\/\/www.hotelpraktikbakery.com\/wp-content\/uploads\/sites\/18\/PraktikBakery-logo.png\",\"contentUrl\":\"https:\/\/www.hotelpraktikbakery.com\/wp-content\/uploads\/sites\/18\/PraktikBakery-logo.png\",\"width\":360,\"height\":34,\"caption\":\"Hotel Praktik Bakery\"},\"image\":{\"@id\":\"\/#\/schema\/logo\/image\/\"},\"sameAs\":[\"https:\/\/www.facebook.com\/praktikhotels\/\",\"https:\/\/x.com\/praktikhotels\",\"https:\/\/www.instagram.com\/praktikhotels\/\"]},{\"@type\":\"Person\",\"@id\":\"\/#\/schema\/person\/4015c3b656759440a8291536b481326d\",\"name\":\"praktkmaster\",\"image\":{\"@type\":\"ImageObject\",\"inLanguage\":\"fr-FR\",\"@id\":\"\/#\/schema\/person\/image\/\",\"url\":\"https:\/\/secure.gravatar.com\/avatar\/29d735a18eaffe4d58415575700d4e8f?s=96&d=mm&r=g\",\"contentUrl\":\"https:\/\/secure.gravatar.com\/avatar\/29d735a18eaffe4d58415575700d4e8f?s=96&d=mm&r=g\",\"caption\":\"praktkmaster\"},\"sameAs\":[\"http:\/\/praktikdev.rkinnova.com\"]}]}<\/script>\n<!-- \/ Yoast SEO plugin. -->","yoast_head_json":{"title":"Services du premier h\u00f4tel-boulangerie au monde","description":"\u00c0 l\u2019H\u00f4tel Praktik Bakery, vous trouverez tous les services \u00e0 votre disposition. Consultez tous les services disponibles sur notre site Internet!","robots":{"index":"index","follow":"follow","max-snippet":"max-snippet:-1","max-image-preview":"max-image-preview:large","max-video-preview":"max-video-preview:-1"},"canonical":"https:\/\/www.hotelpraktikbakery.com\/fr\/hotel-a-barcelone\/service\/","og_locale":"fr_FR","og_type":"article","og_title":"Services du premier h\u00f4tel-boulangerie au monde","og_description":"\u00c0 l\u2019H\u00f4tel Praktik Bakery, vous trouverez tous les services \u00e0 votre disposition. Consultez tous les services disponibles sur notre site Internet!","og_url":"https:\/\/www.hotelpraktikbakery.com\/fr\/hotel-a-barcelone\/service\/","og_site_name":"Hotel Praktik Bakery","article_publisher":"https:\/\/www.facebook.com\/praktikhotels\/","article_modified_time":"2024-01-31T10:19:14+00:00","og_image":[{"width":2048,"height":1365,"url":"https:\/\/www.hotelpraktikbakery.com\/wp-content\/uploads\/sites\/18\/HOTEL-PRAKTIK-BAKERY-HOME-1.jpg","type":"image\/jpeg"}],"twitter_card":"summary_large_image","twitter_title":"Services du premier h\u00f4tel-boulangerie au monde","twitter_description":"\u00c0 l\u2019H\u00f4tel Praktik Bakery, vous trouverez tous les services \u00e0 votre disposition. Consultez tous les services disponibles sur notre site Internet!","twitter_site":"@praktikhotels","twitter_misc":{"Dur\u00e9e de lecture estim\u00e9e":"4 minutes"},"schema":{"@context":"https:\/\/schema.org","@graph":[{"@type":"Article","@id":"https:\/\/www.hotelpraktikbakery.com\/fr\/hotel-a-barcelone\/service\/#article","isPartOf":{"@id":"https:\/\/www.hotelpraktikbakery.com\/fr\/hotel-a-barcelone\/service\/"},"author":{"name":"praktkmaster","@id":"\/#\/schema\/person\/4015c3b656759440a8291536b481326d"},"headline":"Service","datePublished":"2022-11-07T09:19:07+00:00","dateModified":"2024-01-31T10:19:14+00:00","mainEntityOfPage":{"@id":"https:\/\/www.hotelpraktikbakery.com\/fr\/hotel-a-barcelone\/service\/"},"wordCount":179,"publisher":{"@id":"\/#organization"},"image":{"@id":"https:\/\/www.hotelpraktikbakery.com\/fr\/hotel-a-barcelone\/service\/#primaryimage"},"thumbnailUrl":"https:\/\/www.hotelpraktikbakery.com\/wp-content\/uploads\/sites\/18\/HOTEL-PRAKTIK-BAKERY-HOME-1.jpg","inLanguage":"fr-FR"},{"@type":"WebPage","@id":"https:\/\/www.hotelpraktikbakery.com\/fr\/hotel-a-barcelone\/service\/","url":"https:\/\/www.hotelpraktikbakery.com\/fr\/hotel-a-barcelone\/service\/","name":"Services du premier h\u00f4tel-boulangerie au monde","isPartOf":{"@id":"\/#website"},"primaryImageOfPage":{"@id":"https:\/\/www.hotelpraktikbakery.com\/fr\/hotel-a-barcelone\/service\/#primaryimage"},"image":{"@id":"https:\/\/www.hotelpraktikbakery.com\/fr\/hotel-a-barcelone\/service\/#primaryimage"},"thumbnailUrl":"https:\/\/www.hotelpraktikbakery.com\/wp-content\/uploads\/sites\/18\/HOTEL-PRAKTIK-BAKERY-HOME-1.jpg","datePublished":"2022-11-07T09:19:07+00:00","dateModified":"2024-01-31T10:19:14+00:00","description":"\u00c0 l\u2019H\u00f4tel Praktik Bakery, vous trouverez tous les services \u00e0 votre disposition. Consultez tous les services disponibles sur notre site Internet!","breadcrumb":{"@id":"https:\/\/www.hotelpraktikbakery.com\/fr\/hotel-a-barcelone\/service\/#breadcrumb"},"inLanguage":"fr-FR","potentialAction":[{"@type":"ReadAction","target":["https:\/\/www.hotelpraktikbakery.com\/fr\/hotel-a-barcelone\/service\/"]}]},{"@type":"ImageObject","inLanguage":"fr-FR","@id":"https:\/\/www.hotelpraktikbakery.com\/fr\/hotel-a-barcelone\/service\/#primaryimage","url":"https:\/\/www.hotelpraktikbakery.com\/wp-content\/uploads\/sites\/18\/HOTEL-PRAKTIK-BAKERY-HOME-1.jpg","contentUrl":"https:\/\/www.hotelpraktikbakery.com\/wp-content\/uploads\/sites\/18\/HOTEL-PRAKTIK-BAKERY-HOME-1.jpg","width":2048,"height":1365,"caption":"HOTEL-PRAKTIK-BAKERY-HOME"},{"@type":"BreadcrumbList","@id":"https:\/\/www.hotelpraktikbakery.com\/fr\/hotel-a-barcelone\/service\/#breadcrumb","itemListElement":[{"@type":"ListItem","position":1,"name":"Portada","item":"https:\/\/www.hotelpraktikbakery.com\/fr\/"},{"@type":"ListItem","position":2,"name":"Hotel a Barcelone","item":"https:\/\/www.hotelpraktikbakery.com\/fr\/"},{"@type":"ListItem","position":3,"name":"Service"}]},{"@type":"WebSite","@id":"\/#website","url":"\/","name":"Hotel Praktik Bakery","description":"Primer hotel-panader\u00eda del mundo","publisher":{"@id":"\/#organization"},"potentialAction":[{"@type":"SearchAction","target":{"@type":"EntryPoint","urlTemplate":"\/?s={search_term_string}"},"query-input":"required name=search_term_string"}],"inLanguage":"fr-FR"},{"@type":"Organization","@id":"\/#organization","name":"Hotel Praktik Bakery","url":"\/","logo":{"@type":"ImageObject","inLanguage":"fr-FR","@id":"\/#\/schema\/logo\/image\/","url":"https:\/\/www.hotelpraktikbakery.com\/wp-content\/uploads\/sites\/18\/PraktikBakery-logo.png","contentUrl":"https:\/\/www.hotelpraktikbakery.com\/wp-content\/uploads\/sites\/18\/PraktikBakery-logo.png","width":360,"height":34,"caption":"Hotel Praktik Bakery"},"image":{"@id":"\/#\/schema\/logo\/image\/"},"sameAs":["https:\/\/www.facebook.com\/praktikhotels\/","https:\/\/x.com\/praktikhotels","https:\/\/www.instagram.com\/praktikhotels\/"]},{"@type":"Person","@id":"\/#\/schema\/person\/4015c3b656759440a8291536b481326d","name":"praktkmaster","image":{"@type":"ImageObject","inLanguage":"fr-FR","@id":"\/#\/schema\/person\/image\/","url":"https:\/\/secure.gravatar.com\/avatar\/29d735a18eaffe4d58415575700d4e8f?s=96&d=mm&r=g","contentUrl":"https:\/\/secure.gravatar.com\/avatar\/29d735a18eaffe4d58415575700d4e8f?s=96&d=mm&r=g","caption":"praktkmaster"},"sameAs":["http:\/\/praktikdev.rkinnova.com"]}]}},"_links":{"self":[{"href":"https:\/\/www.hotelpraktikbakery.com\/fr\/wp-json\/wp\/v2\/pages\/7687"}],"collection":[{"href":"https:\/\/www.hotelpraktikbakery.com\/fr\/wp-json\/wp\/v2\/pages"}],"about":[{"href":"https:\/\/www.hotelpraktikbakery.com\/fr\/wp-json\/wp\/v2\/types\/page"}],"author":[{"embeddable":true,"href":"https:\/\/www.hotelpraktikbakery.com\/fr\/wp-json\/wp\/v2\/users\/1"}],"replies":[{"embeddable":true,"href":"https:\/\/www.hotelpraktikbakery.com\/fr\/wp-json\/wp\/v2\/comments?post=7687"}],"version-history":[{"count":1,"href":"https:\/\/www.hotelpraktikbakery.com\/fr\/wp-json\/wp\/v2\/pages\/7687\/revisions"}],"predecessor-version":[{"id":13641,"href":"https:\/\/www.hotelpraktikbakery.com\/fr\/wp-json\/wp\/v2\/pages\/7687\/revisions\/13641"}],"up":[{"embeddable":true,"href":"https:\/\/www.hotelpraktikbakery.com\/fr\/wp-json\/wp\/v2\/pages\/7574"}],"wp:featuredmedia":[{"embeddable":true,"href":"https:\/\/www.hotelpraktikbakery.com\/fr\/wp-json\/wp\/v2\/media\/11971"}],"wp:attachment":[{"href":"https:\/\/www.hotelpraktikbakery.com\/fr\/wp-json\/wp\/v2\/media?parent=7687"}],"curies":[{"name":"wp","href":"https:\/\/api.w.org\/{rel}","templated":true}]}}